{"id":2,"date":"2022-05-20T23:45:53","date_gmt":"2022-05-20T23:45:53","guid":{"rendered":"http:\/\/www.sucroliq.com\/site\/?page_id=2"},"modified":"2024-11-07T12:40:23","modified_gmt":"2024-11-07T18:40:23","slug":"sample-page","status":"publish","type":"page","link":"https:\/\/www.sucroliq.com\/site\/","title":{"rendered":"Home"},"content":{"rendered":"<p>[vc_row equal_height=&#8221;yes&#8221; css=&#8221;.vc_custom_1663777905761{margin-top: 6% !important;margin-bottom: 10% !important;}&#8221; el_class=&#8221;hero-box&#8221;][vc_column width=&#8221;1\/6&#8243;][\/vc_column][vc_column width=&#8221;2\/3&#8243;][vc_column_text css_animation=&#8221;fadeIn&#8221; el_class=&#8221;text-align-center text-align-left-mobile&#8221;]<\/p>\n<div class=\"gooey\" style=\"text-align: center;\"><\/div>\n<h1 style=\"text-align: center; font-weight: bold;\">Alta tecnolog\u00eda en az\u00facar l\u00edquida y <em>blends<\/em>.<\/h1>\n<p style=\"text-align: center;\">Creamos con nuestros clientes productos y tecnolog\u00edas dise\u00f1adas espec\u00edficamente para sus necesidades. A la medida de sus l\u00edneas de producci\u00f3n.<\/p>\n<p>[\/vc_column_text][\/vc_column][vc_column width=&#8221;1\/6&#8243;][\/vc_column][\/vc_row][vc_row][vc_column offset=&#8221;vc_hidden-sm vc_hidden-xs&#8221;][vc_empty_space height=&#8221;45px&#8221;][vc_icon type=&#8221;material&#8221; icon_material=&#8221;vc-material vc-material-keyboard_arrow_down&#8221; size=&#8221;xl&#8221; align=&#8221;center&#8221;][\/vc_column][\/vc_row][vc_row content_placement=&#8221;bottom&#8221; responsive_mode=&#8221;true&#8221;][vc_column width=&#8221;1\/3&#8243; offset=&#8221;vc_hidden-sm vc_col-xs-4 vc_hidden-xs&#8221;][vc_single_image image=&#8221;743&#8243; img_size=&#8221;full&#8221; css_animation=&#8221;fadeInLeft&#8221; el_class=&#8221;border-radius&#8221;][\/vc_column][vc_column width=&#8221;1\/3&#8243; offset=&#8221;vc_hidden-sm vc_col-xs-4 vc_hidden-xs&#8221;][vc_single_image image=&#8221;1376&#8243; img_size=&#8221;full&#8221; css_animation=&#8221;fadeInUp&#8221; el_class=&#8221;border-radius&#8221;][\/vc_column][vc_column width=&#8221;1\/3&#8243; offset=&#8221;vc_hidden-sm vc_col-xs-4 vc_hidden-xs&#8221;][vc_single_image image=&#8221;1378&#8243; img_size=&#8221;full&#8221; css_animation=&#8221;fadeInRight&#8221; el_class=&#8221;border-radius&#8221;][\/vc_column][\/vc_row][vc_row content_placement=&#8221;bottom&#8221; responsive_mode=&#8221;true&#8221;][vc_column offset=&#8221;vc_hidden-lg vc_hidden-md&#8221;]<style type=\"text\/css\">\r\n\t\t\t\t .vcmp-carousel-1 {\r\n\t\t\t\t\tcolor:#383838;\t\t\t\t\t \r\n\t\t\t\t }\r\n\t\t\t\t .vcmp-carousel-1 h1 {\r\n\t\t\t\t\tfont-size: !important;\r\n\t\t\t\t }\r\n\t\t\t\t .vcmp-carousel-1 a {\r\n\t\t\t\t\tcolor:#383838;\r\n\t\t\t\t }\r\n\t\t\t\t .vcmp-carousel-1 a:hover {\r\n\t\t\t\t\tcolor:#8a8a8a;\r\n\t\t\t\t }\t\t\t\t\t \t\t\t\t \r\n\t\t\t\t .vcmp-carousel-1 .vcmp-item,\r\n\t\t\t\t .vcmp-carousel-1 .vcmp-image-over .adtheme-icon-plus,\r\n\t\t\t\t .vcmp-carousel-1 .vcmp-image-over .adtheme-icon-search,\r\n\t\t\t\t .vcmp-controls ul li {\r\n\t\t\t\t\tbackground:#ffffff;\r\n\t\t\t\t}\r\n\t\t\t\t.vcmp-carousel-1 .vcmp-item:hover .vcmp-image-over {\r\n\t\t\t\t\tbackground:rgba(0,0,0,0.3);\r\n\t\t\t\t}\r\n\t\t\t\t.vcmp-carousel-1 .vcmp-item .vcmp-title {\r\n\t\t\t\t\tbackground:rgba(0,0,0,0.3);\r\n\t\t\t\t\tcolor:#ffffff;\r\n\t\t\t\t}\t\t\t\t\r\n\t\t\t\t.vcmp-carousel-1 .vcmp-pagination a {\r\n\t\t\t\t\tbackground:#ffffff;\r\n\t\t\t\t}\r\n\t\t\t\t.vcmp-carousel-1 .vcmp-item:hover .vcmp-image-over {\r\n\t\t\t\t\tbackground:rgba(0,0,0,0.3);\r\n\t\t\t\t}\r\n\t\t\t\t.vcmp-carousel-1 .vcmp-image-over .adtheme-icon-plus {\r\n\t\t\t\t\tcolor:#383838;\r\n\t\t\t\t}\r\n\t\t\t\t.vcmp-carousel-1 .vcmp-image-over .adtheme-icon-plus {\r\n\t\t\t\t\tborder-color:#383838;\r\n\t\t\t\t}\t\t\t\t\r\n\t\t\t\t.vcmp-carousel-1 .vcmp-image-over .adtheme-icon-plus:hover,\r\n\t\t\t\t.vcmp-carousel-1 .vcmp-image-over .adtheme-icon-search:hover {\r\n\t\t\t\t\tcolor:#8a8a8a;\r\n\t\t\t\t}\r\n\t\t\t\t.vcmp-carousel-1 .owl-item\t{\r\n\t\t\t\t\tpadding:;\r\n\t\t\t\t}\r\n\t\t\t\t.vcmp-carousel.owl-theme .owl-controls .owl-buttons div {\r\n\t\t\t\t\tbackground:rgba(0,0,0,0.3);\r\n\t\t\t\t}<\/style>\r\n\t\t\t<script>\r\n\t\t\tjQuery(document).ready(function($){\r\n      \t\t\t$(\".vcmp-carousel-1\").owlCarousel({\r\n\t\t\t\t\titems : 1,\r\n\t\t\t\t\tautoPlay: 2500,\r\n\t\t\t\t\tnavigation: false,\r\n\t\t\t\t\tpagination: false,\r\n\t\t\t\t\titemsTablet: [1025,2],\r\n\t\t\t\t\titemsMobile: [479,1],\r\n\t\t\t\t\tnavigationText: ['<i class=\"adtheme-icon-arrow-left\"><\/i>','<i class=\"adtheme-icon-arrow-right\"><\/i>'] \t\t\t\t\r\n\t\t\t\t});\r\n\t\t\t});\r\n\t\t\t<\/script><div class=\"vcmp-carousel vcmp-1 vcmp-carousel-style1 vcmp-carousel-1 owl-carousel\"><div class=\"vcmp-item\"><div class=\"vcmp-container-thumbs\"><div class=\"vcmp-header-container\"><a href=\"\" target=\"_self\"><img src=\"https:\/\/www.sucroliq.com\/site\/wp-content\/uploads\/2022\/08\/planta-01-1200x800.webp\"><\/a><\/div><\/div><\/div><div class=\"vcmp-item\"><div class=\"vcmp-container-thumbs\"><div class=\"vcmp-header-container\"><a href=\"\" target=\"_self\"><img src=\"https:\/\/www.sucroliq.com\/site\/wp-content\/uploads\/2022\/08\/planta-02-1200x800.webp\"><\/a><\/div><\/div><\/div><div class=\"vcmp-item\"><div class=\"vcmp-container-thumbs\"><div class=\"vcmp-header-container\"><a href=\"\" target=\"_self\"><img src=\"https:\/\/www.sucroliq.com\/site\/wp-content\/uploads\/2022\/08\/background-cta-1200x800.webp\"><\/a><\/div><\/div><\/div><\/div>[\/vc_column][\/vc_row][vc_row][vc_column offset=&#8221;vc_hidden-sm vc_hidden-xs&#8221;][vc_empty_space height=&#8221;35px&#8221;][\/vc_column][\/vc_row][vc_row][vc_column width=&#8221;2\/12&#8243; el_class=&#8221;sticky&#8221; offset=&#8221;vc_hidden-sm vc_hidden-xs&#8221;][\/vc_column][vc_column width=&#8221;8\/12&#8243;][vc_column_text css=&#8221;.vc_custom_1663777570768{margin-top: 35px !important;}&#8221;]<\/p>\n<p class=\"h2\">M\u00e1s de 20 a\u00f1os creando productos y tecnolog\u00edas de clase mundial, que dan calidad y sabor a miles de productos de diferentes industrias \u2014 <span style=\"color: #0051a6;\">y vamos por m\u00e1s.<\/span><\/p>\n<p>[\/vc_column_text][vc_row_inner gap=&#8221;35&#8243;][vc_column_inner width=&#8221;1\/2&#8243;][vc_column_text]Sucroliq es una empresa l\u00edder dedicada a la elaboraci\u00f3n y refinaci\u00f3n de az\u00facar y al desarrollo de tecnolog\u00eda para el mismo fin, siendo el mayor productor de az\u00facar de ca\u00f1a l\u00edquida en M\u00e9xico. [\/vc_column_text][\/vc_column_inner][vc_column_inner width=&#8221;1\/2&#8243;][vc_column_text]Formamos un equipo de ingenieros e investigadores expertos que atienden las necesidades particulares de nuestros clientes. Con l\u00edneas de investigaci\u00f3n enfocadas en la creaci\u00f3n de nuevos procesos y productos.[\/vc_column_text][\/vc_column_inner][\/vc_row_inner][vc_raw_html]JTNDZGl2JTIwc3R5bGUlM0QlMjJ0ZXh0LWFsaWduJTNBY2VudGVyJTIyJTNFJTNDYSUyMGNsYXNzJTNEJTIybGFib3JhdG9yLWJ0biUyMGJ0biUyMGJ0bi1pbmRleC0xJTIwYnRuLXR5cGUtc3RhbmRhcmQlMjBidG4tbm9ybWFsJTIyJTIwdGl0bGUlM0QlMjJTdWNyb2xpcSUyMiUyMGhyZWYlM0QlMjJodHRwJTNBJTJGJTJGd3d3LnN1Y3JvbGlxLmNvbSUyRnNpdGUlMkZlbXByZXNhJTJGJTIyJTIwdGFyZ2V0JTNEJTIyJTIyJTIwcmVsJTNEJTIybm9vcGVuZXIlMjIlM0VMZWVyJTIwbSVDMyVBMXMlM0MlMkZhJTNFJTNDJTJGZGl2JTNF[\/vc_raw_html][\/vc_column][vc_column width=&#8221;2\/12&#8243;][\/vc_column][\/vc_row][vc_row css=&#8221;.vc_custom_1661269102898{margin-top: 80px !important;}&#8221;][vc_column][vc_column_text el_class=&#8221;text-align-left-mobile&#8221;]<\/p>\n<h2 style=\"text-align: center;\">QU\u00c9 HACEMOS<\/h2>\n<p>[\/vc_column_text][vc_row_inner equal_height=&#8221;yes&#8221; gap=&#8221;30&#8243; css=&#8221;.vc_custom_1653323150055{margin-right: -12px !important;margin-left: -12px !important;}&#8221;][vc_column_inner el_class=&#8221;product-box&#8221; width=&#8221;1\/2&#8243; css=&#8221;.vc_custom_1653413044512{background-position: center !important;background-repeat: no-repeat !important;background-size: cover !important;}&#8221;][vc_column_text el_class=&#8221;bg-video&#8221;]<\/p>\n<span class=\"image-placeholder video\" style=\"padding-bottom:100.00000000%\"><video controls class=\"video-js-el vjs-default-skin vjs-minimal-skin wp-video-shortcode\" src loop=\"true\" autoplay=\"true\" preload=\"auto\" width=\"540\" height=\"540\" mp4=\"http:\/\/www.sucroliq.com\/site\/wp-content\/uploads\/2022\/08\/sucroliq_trimmed.mp4\" data-vsetup=\"[]\"><source type=\"video\/mp4\" src=\"http:\/\/www.sucroliq.com\/site\/wp-content\/uploads\/2022\/08\/sucroliq_trimmed.mp4?_=1\" \/><\/video><\/span>\n<p>[\/vc_column_text][vc_column_text el_class=&#8221;text-holder&#8221;]<\/p>\n<h3>Sucroliq<\/h3>\n<p>Az\u00facar l\u00edquida de alta tecnolog\u00eda con diferentes grados de refinaci\u00f3n, coloraci\u00f3n y az\u00facar invertida.[\/vc_column_text][vc_empty_space height=&#8221;80px&#8221; el_class=&#8221;hidden-xs hidden-sm&#8221;][vc_raw_html]JTNDYSUyMGNsYXNzJTNEJTIybGFib3JhdG9yLWJ0biUyMGJ0biUyMGJ0bi1pbmRleC0xJTIwYnRuLXR5cGUtc3RhbmRhcmQlMjBidG4tbm9ybWFsJTIwbWFyZ2luLWxlZnQtMzUlMjIlMjB0aXRsZSUzRCUyMlN1Y3JvbGlxJTIyJTIwaHJlZiUzRCUyMiUyMGh0dHAlM0ElMkYlMkZ3d3cuc3Vjcm9saXEuY29tJTJGc2l0ZSUyRnN1Y3JvbGlxJTJGJTIyJTIwdGFyZ2V0JTNEJTIyJTIyJTIwcmVsJTNEJTIybm9vcGVuZXIlMjIlM0VMZWVyJTIwbSVDMyVBMXMlM0MlMkZhJTNF[\/vc_raw_html][\/vc_column_inner][vc_column_inner el_class=&#8221;product-box&#8221; width=&#8221;1\/2&#8243; css=&#8221;.vc_custom_1653413919975{background-position: center !important;background-repeat: no-repeat !important;background-size: cover !important;}&#8221;][vc_column_text el_class=&#8221;bg-video&#8221;]<\/p>\n<span class=\"image-placeholder video\" style=\"padding-bottom:100.00000000%\"><video controls class=\"video-js-el vjs-default-skin vjs-minimal-skin wp-video-shortcode\" src loop=\"true\" autoplay=\"true\" preload=\"auto\" width=\"540\" height=\"540\" mp4=\"http:\/\/www.sucroliq.com\/site\/wp-content\/uploads\/2022\/06\/chocolate_loop.mp4\" data-vsetup=\"[]\"><source type=\"video\/mp4\" src=\"http:\/\/www.sucroliq.com\/site\/wp-content\/uploads\/2022\/06\/chocolate_loop.mp4?_=2\" \/><\/video><\/span>\n<p>[\/vc_column_text][vc_column_text el_class=&#8221;text-holder&#8221;]<\/p>\n<h3>Blends<\/h3>\n<p>Creamos mezclas especializadas para cada necesidad. Conoce todo lo que podemos ofrecer para tus productos.[\/vc_column_text][vc_empty_space height=&#8221;80px&#8221; el_class=&#8221;hidden-xs hidden-sm&#8221;][vc_raw_html]JTNDYSUyMGNsYXNzJTNEJTIybGFib3JhdG9yLWJ0biUyMGJ0biUyMGJ0bi1pbmRleC0xJTIwYnRuLXR5cGUtc3RhbmRhcmQlMjBidG4tbm9ybWFsJTIwbWFyZ2luLWxlZnQtMzUlMjIlMjB0aXRsZSUzRCUyMlN1Y3JvbGlxJTIyJTIwaHJlZiUzRCUyMmh0dHAlM0ElMkYlMkZ3d3cuc3Vjcm9saXEuY29tJTJGc2l0ZSUyRmJsZW5kcyUyRiUyMiUyMHRhcmdldCUzRCUyMiUyMiUyMHJlbCUzRCUyMm5vb3BlbmVyJTIyJTNFTGVlciUyMG0lQzMlQTFzJTNDJTJGYSUzRQ==[\/vc_raw_html][\/vc_column_inner][\/vc_row_inner][\/vc_column][\/vc_row][vc_row css_animation=&#8221;none&#8221;][vc_column offset=&#8221;vc_hidden-sm vc_hidden-xs&#8221;][vc_empty_space height=&#8221;120px&#8221;][\/vc_column][\/vc_row][vc_row css_animation=&#8221;none&#8221;][vc_column width=&#8221;1\/6&#8243;][\/vc_column][vc_column css_animation=&#8221;fadeInUp&#8221; width=&#8221;2\/3&#8243;][vc_column_text el_class=&#8221;max-with-contained&#8221; css=&#8221;.vc_custom_1661266012627{margin-top: 60px !important;}&#8221;]<\/p>\n<h2 class=\"h1\">Al d\u00eda de hoy el grupo ha vendido a m\u00e1s de <span style=\"color: #0051a6;\">100 clientes<\/span>.<\/h2>\n<p>[\/vc_column_text][\/vc_column][vc_column width=&#8221;1\/6&#8243;][\/vc_column][\/vc_row][vc_row gap=&#8221;35&#8243; equal_height=&#8221;yes&#8221; el_class=&#8221;products-holder&#8221; css=&#8221;.vc_custom_1661235456668{margin-top: 60px !important;}&#8221;][vc_column width=&#8221;1\/4&#8243; offset=&#8221;vc_col-xs-6&#8243;][vc_single_image image=&#8221;1489&#8243; img_size=&#8221;full&#8221;][vc_column_text]<\/p>\n<h3 style=\"text-align: center;\">Caramelos<\/h3>\n<p>[\/vc_column_text][\/vc_column][vc_column width=&#8221;1\/4&#8243; offset=&#8221;vc_col-xs-6&#8243;][vc_single_image image=&#8221;1015&#8243; img_size=&#8221;full&#8221;][vc_column_text]<\/p>\n<h3 style=\"text-align: center;\">Cereales<\/h3>\n<p>[\/vc_column_text][\/vc_column][vc_column width=&#8221;1\/4&#8243; offset=&#8221;vc_col-xs-6&#8243;][vc_single_image image=&#8221;1017&#8243; img_size=&#8221;full&#8221;][vc_column_text]<\/p>\n<h3 style=\"text-align: center;\">Dulces<\/h3>\n<p>[\/vc_column_text][\/vc_column][vc_column width=&#8221;1\/4&#8243; offset=&#8221;vc_col-xs-6&#8243;][vc_single_image image=&#8221;1018&#8243; img_size=&#8221;full&#8221;][vc_column_text]<\/p>\n<h3 style=\"text-align: center;\">Hard Seltzers<\/h3>\n<p>[\/vc_column_text][\/vc_column][vc_column width=&#8221;1\/4&#8243; offset=&#8221;vc_col-xs-6&#8243;][vc_single_image image=&#8221;1349&#8243; img_size=&#8221;full&#8221;][vc_column_text]<\/p>\n<h3 style=\"text-align: center;\">Helados<\/h3>\n<p>[\/vc_column_text][\/vc_column][vc_column width=&#8221;1\/4&#8243; offset=&#8221;vc_col-xs-6&#8243;][vc_single_image image=&#8221;1492&#8243; img_size=&#8221;full&#8221;][vc_column_text]<\/p>\n<h3 style=\"text-align: center;\">Jarabes grado<span style=\"color: #0051a6;\">\u00a0farmac\u00e9utico<\/span><\/h3>\n<p>[\/vc_column_text][\/vc_column][vc_column width=&#8221;1\/4&#8243; offset=&#8221;vc_col-xs-6&#8243;][vc_single_image image=&#8221;1021&#8243; img_size=&#8221;full&#8221;][vc_column_text]<\/p>\n<h3 style=\"text-align: center;\">Jugos<\/h3>\n<p>[\/vc_column_text][\/vc_column][vc_column width=&#8221;1\/4&#8243; offset=&#8221;vc_col-xs-6&#8243;][vc_single_image image=&#8221;1014&#8243; img_size=&#8221;full&#8221;][vc_column_text]<\/p>\n<h3 style=\"text-align: center;\">Ketchup<\/h3>\n<p>[\/vc_column_text][\/vc_column][vc_column width=&#8221;1\/4&#8243; offset=&#8221;vc_col-xs-6&#8243;][vc_single_image image=&#8221;1495&#8243; img_size=&#8221;full&#8221;][vc_column_text]<\/p>\n<h3 style=\"text-align: center;\">Leche Condensada<\/h3>\n<p>[\/vc_column_text][\/vc_column][vc_column width=&#8221;1\/4&#8243; offset=&#8221;vc_col-xs-6&#8243;][vc_single_image image=&#8221;1497&#8243; img_size=&#8221;full&#8221;][vc_column_text]<\/p>\n<h3 style=\"text-align: center;\">Mermeladas<\/h3>\n<p>[\/vc_column_text][\/vc_column][vc_column width=&#8221;1\/4&#8243; offset=&#8221;vc_col-xs-6&#8243;][vc_single_image image=&#8221;1024&#8243; img_size=&#8221;full&#8221;][vc_column_text]<\/p>\n<h3 style=\"text-align: center;\">Refrescos<\/h3>\n<p>[\/vc_column_text][\/vc_column][vc_column width=&#8221;1\/4&#8243; offset=&#8221;vc_col-xs-6&#8243;][vc_single_image image=&#8221;1025&#8243; img_size=&#8221;full&#8221;][vc_column_text]<\/p>\n<h3 style=\"text-align: center;\">Yogurt<\/h3>\n<p>[\/vc_column_text][\/vc_column][\/vc_row][vc_row css_animation=&#8221;none&#8221;][vc_column offset=&#8221;vc_hidden-sm vc_hidden-xs&#8221;][vc_empty_space height=&#8221;80px&#8221;][\/vc_column][\/vc_row][vc_row full_width=&#8221;stretch_row&#8221; equal_height=&#8221;yes&#8221; content_placement=&#8221;top&#8221; css_animation=&#8221;none&#8221; css=&#8221;.vc_custom_1659638387807{padding-top: 80px !important;padding-bottom: 120px !important;}&#8221; el_class=&#8221;clients-box&#8221;][vc_column width=&#8221;1\/6&#8243;][\/vc_column][vc_column css_animation=&#8221;fadeInUp&#8221; width=&#8221;2\/3&#8243;][vc_row_inner][vc_column_inner width=&#8221;1\/2&#8243;][vc_column_text el_class=&#8221;max-with-contained&#8221;]<\/p>\n<h2>Algunos clientes<\/h2>\n<p>Somos proveedores de las principales empresas productoras de bebidas carbonatadas, cereales, l\u00e1cteos, jugos, entre otros.[\/vc_column_text][\/vc_column_inner][vc_column_inner width=&#8221;1\/4&#8243; offset=&#8221;vc_col-xs-6&#8243;][vc_single_image image=&#8221;1105&#8243; img_size=&#8221;full&#8221; retina_image=&#8221;yes&#8221; el_class=&#8221;algunos-clientes-img&#8221;][vc_single_image image=&#8221;1107&#8243; img_size=&#8221;full&#8221; retina_image=&#8221;yes&#8221; el_class=&#8221;algunos-clientes-img&#8221;][\/vc_column_inner][vc_column_inner width=&#8221;1\/4&#8243; offset=&#8221;vc_col-xs-6&#8243;][vc_single_image image=&#8221;1106&#8243; img_size=&#8221;full&#8221; retina_image=&#8221;yes&#8221; el_class=&#8221;algunos-clientes-img&#8221;][vc_single_image image=&#8221;1108&#8243; img_size=&#8221;full&#8221; retina_image=&#8221;yes&#8221; el_class=&#8221;algunos-clientes-img&#8221;][\/vc_column_inner][\/vc_row_inner][vc_row_inner css=&#8221;.vc_custom_1653348159150{margin-top: 80px !important;}&#8221;][vc_column_inner width=&#8221;1\/2&#8243;][vc_column_text el_class=&#8221;max-with-contained&#8221;]<\/p>\n<h2>Certificaciones<\/h2>\n<p>Tenemos el objetivo de cumplir con todas las normas y requisitos de certificaci\u00f3n a nivel mundial en seguridad alimentaria.[\/vc_column_text][\/vc_column_inner][vc_column_inner width=&#8221;1\/2&#8243; css=&#8221;.vc_custom_1659758930703{margin-top: 35px !important;}&#8221;][vc_column_text el_class=&#8221;client-name&#8221;]<\/p>\n<h5 class=\"accordion\"><img loading=\"lazy\" class=\"alignnone size-full wp-image-917\" src=\"http:\/\/www.sucroliq.com\/site\/wp-content\/uploads\/2022\/08\/fssc_22000-1.png\" alt=\"\" width=\"100\" height=\"65\" \/><\/h5>\n<div class=\"panel\">\n<p>La Fundaci\u00f3n FSSC es la organizaci\u00f3n mundial sin \u00e1nimo de lucro y propietaria del esquema independiente FSSC 22000, para proporcionar confianza y ofrecer impacto en la industria de bienes de consumo. FSSC 22000 como esquema de certificaci\u00f3n reconocido por la GFSI (Global Food Safety Initiative), es aplicable en el mercado nacional e internacional de la industria alimentaria<\/p>\n<\/div>\n<p>[\/vc_column_text][vc_column_text el_class=&#8221;client-name&#8221;]<\/p>\n<h5 class=\"accordion\"><img loading=\"lazy\" class=\"alignnone size-full wp-image-1171\" src=\"http:\/\/www.sucroliq.com\/site\/wp-content\/uploads\/2022\/08\/kosher-parve.webp\" alt=\"\" width=\"100\" height=\"67\" \/> Kosher Pareve<\/h5>\n<p class=\"panel\"><small>La certificaci\u00f3n kosher garantiza a los consumidores que la elaboraci\u00f3n de los productos e ingredientes que contienen cumple con la pol\u00edtica de alimentos kosher, adem\u00e1s, es indicador de que el producto cumple con estrictas normas de limpieza, pureza y calidad.<\/small><\/p>\n<p>[\/vc_column_text][\/vc_column_inner][\/vc_row_inner][vc_column_text el_class=&#8221;client-name&#8221;]<\/p>\n<h3 class=\"accordion\"><img loading=\"lazy\" class=\"\" src=\"http:\/\/www.sucroliq.com\/site\/wp-content\/uploads\/2022\/05\/logo-black.png\" alt=\"Sucroliq\" width=\"105\" height=\"31\" \/>\u00a0 \u00a0 \u00a0 \u00a0 Pol\u00edtica de Calidad e Inocuidad<\/h3>\n<p class=\"panel\">SUCROLIQ S.A.P.I DE C.V. nos dedicamos a la producci\u00f3n de az\u00facar l\u00edquida y<br \/>\npreparaciones, mediante la incorporaci\u00f3n y desarrollo de tecnolog\u00edas y procesos<br \/>\npara la industria, basado en un s\u00f3lido Sistema de Gesti\u00f3n de Inocuidad Alimentaria.\u00a0 \u00a0 \u00a0 \u00a0 \u00a0 \u00a0 \u00a0 \u00a0 \u00a0 <strong>SUCROLIQ est\u00e1 comprometido en:<\/strong><br \/>\n\u2022 Revisar y mantener actualizado el SGIA para garantizar el cumplimiento de<br \/>\nlas especificaciones y la inocuidad de los productos.<br \/>\n\u2022 Cumplir con los requisitos de nuestros clientes en calidad y servicio.<br \/>\n\u2022 Cumplir los requisitos legales y reglamentarios aplicables a nuestra actividad.<br \/>\n\u2022 Establecer planes de contenci\u00f3n que permitan mitigar riesgos internos y<br \/>\nexternos bajo el contexto de la organizaci\u00f3n.<br \/>\n\u2022 Disponer de responsabilidades definidas dentro de la organizaci\u00f3n que<br \/>\nayuden a cumplir los objetivos de la empresa.<br \/>\n\u2022 Garantizar un ambiente de respeto, armon\u00eda, solidaridad y equidad de g\u00e9nero<br \/>\ndentro de la organizaci\u00f3n y fomentar el desarrollo de competencias y<br \/>\nhabilidades de cada uno de nuestros empleados.<br \/>\n\u2022 Asignar los medios y recursos necesarios para fortalecer y fomentar la mejora<br \/>\ncontinua del SGIA.<br \/>\n\u2022 Reconocer a nuestros clientes y proveedores como factores fundamentales<br \/>\nde nuestro \u00e9xito.<br \/>\n\u2022 Optimizar el uso de recursos naturales y la protecci\u00f3n del medio ambiente.<\/p>\n<p>[\/vc_column_text][\/vc_column][vc_column width=&#8221;1\/6&#8243;][\/vc_column][\/vc_row]<\/p>\n","protected":false},"excerpt":{"rendered":"<p>[vc_row equal_height=&#8221;yes&#8221; css=&#8221;.vc_custom_1663777905761{margin-top: 6% !important;margin-bottom: 10% !important;}&#8221; el_class=&#8221;hero-box&#8221;][vc_column width=&#8221;1\/6&#8243;][\/vc_column][vc_column width=&#8221;2\/3&#8243;][vc_column_text css_animation=&#8221;fadeIn&#8221; el_class=&#8221;text-align-center text-align-left-mobile&#8221;] Alta tecnolog\u00eda en az\u00facar l\u00edquida y blends. Creamos con nuestros clientes productos y tecnolog\u00edas dise\u00f1adas espec\u00edficamente para sus necesidades. A la medida de sus l\u00edneas de producci\u00f3n. [\/vc_column_text][\/vc_column][vc_column width=&#8221;1\/6&#8243;][\/vc_column][\/vc_row][vc_row][vc_column offset=&#8221;vc_hidden-sm vc_hidden-xs&#8221;][vc_empty_space height=&#8221;45px&#8221;][vc_icon type=&#8221;material&#8221; icon_material=&#8221;vc-material vc-material-keyboard_arrow_down&#8221; size=&#8221;xl&#8221; align=&#8221;center&#8221;][\/vc_column][\/vc_row][vc_row content_placement=&#8221;bottom&#8221; responsive_mode=&#8221;true&#8221;][vc_column width=&#8221;1\/3&#8243; offset=&#8221;vc_hidden-sm vc_col-xs-4&hellip;<\/p>\n","protected":false},"author":1,"featured_media":0,"parent":0,"menu_order":0,"comment_status":"closed","ping_status":"open","template":"","meta":[],"acf":[],"aioseo_notices":[],"_links":{"self":[{"href":"https:\/\/www.sucroliq.com\/site\/wp-json\/wp\/v2\/pages\/2"}],"collection":[{"href":"https:\/\/www.sucroliq.com\/site\/wp-json\/wp\/v2\/pages"}],"about":[{"href":"https:\/\/www.sucroliq.com\/site\/wp-json\/wp\/v2\/types\/page"}],"author":[{"embeddable":true,"href":"https:\/\/www.sucroliq.com\/site\/wp-json\/wp\/v2\/users\/1"}],"replies":[{"embeddable":true,"href":"https:\/\/www.sucroliq.com\/site\/wp-json\/wp\/v2\/comments?post=2"}],"version-history":[{"count":353,"href":"https:\/\/www.sucroliq.com\/site\/wp-json\/wp\/v2\/pages\/2\/revisions"}],"predecessor-version":[{"id":1751,"href":"https:\/\/www.sucroliq.com\/site\/wp-json\/wp\/v2\/pages\/2\/revisions\/1751"}],"wp:attachment":[{"href":"https:\/\/www.sucroliq.com\/site\/wp-json\/wp\/v2\/media?parent=2"}],"curies":[{"name":"wp","href":"https:\/\/api.w.org\/{rel}","templated":true}]}}