{"id":209,"date":"2022-05-23T20:54:57","date_gmt":"2022-05-24T01:54:57","guid":{"rendered":"http:\/\/www.sucroliq.com\/site\/?page_id=209"},"modified":"2022-09-21T12:13:54","modified_gmt":"2022-09-21T17:13:54","slug":"blends","status":"publish","type":"page","link":"https:\/\/www.sucroliq.com\/site\/blends\/","title":{"rendered":"Blends"},"content":{"rendered":"<p>[vc_row content_placement=&#8221;middle&#8221; type_background=&#8221;video_bg_element&#8221; vcmp_video_local_sound=&#8221;mute&#8221; responsive_mode=&#8221;true&#8221; css=&#8221;.vc_custom_1659645285419{margin-top: 0px !important;padding-top: 105px !important;padding-bottom: 105px !important;background-position: center !important;background-repeat: no-repeat !important;background-size: contain !important;}&#8221; vcmp_video_url=&#8221;http:\/\/www.sucroliq.com\/site\/wp-content\/uploads\/2022\/08\/belnds_trimmed.mp4&#8243; el_class=&#8221;extended-row&#8221;][vc_column][vc_column_text el_class=&#8221;text-white max-width-640&#8243;]<\/p>\n<h1>Blends<\/h1>\n<h2>Mezclas especializadas<\/h2>\n<p>Aromas, pastas, escarchas, sabores y texturas\u2026 con nuestros clientes y socios comerciales, hemos logrado crear un gran n\u00famero de soluciones y procesos espec\u00edficos.[\/vc_column_text][\/vc_column][\/vc_row][vc_row][vc_column offset=&#8221;vc_hidden-sm vc_hidden-xs&#8221;][vc_empty_space height=&#8221;70px&#8221;][\/vc_column][\/vc_row][vc_row css=&#8221;.vc_custom_1661990162985{margin-top: 30px !important;margin-bottom: 30px !important;}&#8221;][vc_column width=&#8221;2\/3&#8243; offset=&#8221;vc_col-lg-offset-2&#8243;][vc_column_text css=&#8221;.vc_custom_1661990142288{margin-top: 22px !important;}&#8221;]<\/p>\n<h3 class=\"h1 subtitle\"><strong>M\u00e1s que mezclas especializadas, creamos <span style=\"color: #0051a6;\">soluciones a la medida.<\/span><\/strong><\/h3>\n<p>Nos gusta innovar con nuestros clientes, por lo que planeamos procesos a la medida para crear los mejores productos de la industria por medio de procesos espec\u00edficos que atienden a las necesidades puntuales de cada uno de ellos.[\/vc_column_text][\/vc_column][\/vc_row][vc_row full_width=&#8221;stretch_row&#8221; gap=&#8221;35&#8243; css=&#8221;.vc_custom_1661989354131{padding-bottom: 60px !important;background-color: #ffffff !important;}&#8221;][vc_column width=&#8221;10\/12&#8243; offset=&#8221;vc_col-md-offset-1&#8243;][vc_empty_space height=&#8221;60px&#8221; el_class=&#8221;hidden-xs hidden-sm&#8221;][vc_column_text el_class=&#8221;max-width-640 text-align-center&#8221;]<\/p>\n<p style=\"text-align: center;\"><strong>Estos son algunos de los procesos que nos ayudan a crear una gran cantidad de productos, con distintas necesidades.<\/strong><\/p>\n<p>[\/vc_column_text][vc_empty_space height=&#8221;30px&#8221; el_class=&#8221;hidden-xs hidden-sm&#8221;][vc_row_inner gap=&#8221;10&#8243; el_class=&#8221;blends-process&#8221;][vc_column_inner width=&#8221;1\/5&#8243;][vc_single_image image=&#8221;1453&#8243; img_size=&#8221;full&#8221; alignment=&#8221;center&#8221;][vc_column_text]<\/p>\n<div class=\"tooltip-box\"><i class=\"fa fa-info-circle\" aria-hidden=\"true\"><\/i><span class=\"tooltip-text\">Mediante un cambio s\u00fabito de temperatura, el proceso de pasteurizaci\u00f3n es capaz de mejorar la estabilidad microbiol\u00f3gica sin alterar las propiedades del producto. El proceso de pasteurizaci\u00f3n de Sucroliq cuenta con un sistema de recuperaci\u00f3n de energ\u00eda por lo que permite ahorrar en el consumo y ser amigable con el medio ambiente.<\/span><\/div>\n<h4 style=\"text-align: center;\"><span style=\"color: #174b91;\">Pasteurizaci\u00f3n<\/span><\/h4>\n<p>[\/vc_column_text][\/vc_column_inner][vc_column_inner width=&#8221;1\/5&#8243;][vc_single_image image=&#8221;1449&#8243; img_size=&#8221;full&#8221; alignment=&#8221;center&#8221;][vc_column_text]<\/p>\n<div class=\"tooltip-box\"><i class=\"fa fa-info-circle\" aria-hidden=\"true\"><\/i><span class=\"tooltip-text\">Sucroliq cuenta con diferentes sistemas de manufactura con la tecnolog\u00eda sofisticada que permite la adici\u00f3n y homogeneizaci\u00f3n de materias primas en distintas presentaciones como lo son polvos, aceites, pastas y diversos l\u00edquidos.<\/span><\/div>\n<h4 style=\"text-align: center;\"><span style=\"color: #174b91;\">Adici\u00f3n de materias primas complejas<\/span><\/h4>\n<p>[\/vc_column_text][\/vc_column_inner][vc_column_inner width=&#8221;1\/5&#8243;][vc_single_image image=&#8221;1452&#8243; img_size=&#8221;full&#8221; alignment=&#8221;center&#8221;][vc_column_text]<\/p>\n<div class=\"tooltip-box\"><i class=\"fa fa-info-circle\" aria-hidden=\"true\"><\/i><span class=\"tooltip-text\">A trav\u00e9s de procesos de separaci\u00f3n Sucroliq garantiza que el producto est\u00e9 libre de impurezas de acuerdo a los requerimientos de los distintos clientes.<\/span><\/div>\n<h4 style=\"text-align: center;\"><span style=\"color: #174b91;\">Filtraci\u00f3n de materiales<\/span><\/h4>\n<p>[\/vc_column_text][\/vc_column_inner][vc_column_inner width=&#8221;1\/5&#8243;][vc_single_image image=&#8221;1451&#8243; img_size=&#8221;full&#8221; alignment=&#8221;center&#8221;][vc_column_text]<\/p>\n<div class=\"tooltip-box\"><i class=\"fa fa-info-circle\" aria-hidden=\"true\"><\/i><span class=\"tooltip-text\">A partir de lavados con distintos solventes de grado alimenticio es posible extraer aceites y esencias naturales que pueden mejorar y ofrecer sabores y olores \u00fanicos al producto final.<\/span><\/div>\n<h4 style=\"text-align: center;\"><span style=\"color: #174b91;\">Extracci\u00f3n de aceites y esencias<\/span><\/h4>\n<p>[\/vc_column_text][\/vc_column_inner][vc_column_inner width=&#8221;1\/5&#8243;][vc_single_image image=&#8221;1450&#8243; img_size=&#8221;full&#8221; alignment=&#8221;center&#8221;][vc_column_text]<\/p>\n<div class=\"tooltip-box\"><i class=\"fa fa-info-circle\" aria-hidden=\"true\"><\/i><br \/>\n<span class=\"tooltip-text\">Sucroliq ofrece una variedad de presentaciones del producto final como lo son bidones, totes y pipas de acuerdo a los requerimientos log\u00edsticos y tecnol\u00f3gicos de los clientes.<\/span><\/div>\n<h4 style=\"text-align: center;\"><span style=\"color: #174b91;\">Envasado de producto final<\/span><\/h4>\n<p>[\/vc_column_text][\/vc_column_inner][\/vc_row_inner][\/vc_column][\/vc_row][vc_row css=&#8221;.vc_custom_1659646024220{margin-top: 30px !important;}&#8221;][vc_column width=&#8221;1\/6&#8243;][\/vc_column][vc_column css_animation=&#8221;fadeInUp&#8221; width=&#8221;2\/3&#8243;][vc_column_text el_class=&#8221;max-with-contained&#8221; css=&#8221;.vc_custom_1659489402075{margin-top: 100px !important;}&#8221;]<\/p>\n<h2>Al d\u00eda de hoy el grupo ha vendido a m\u00e1s de <span class=\"underline\">100 clientes<\/span>.<\/h2>\n<p>[\/vc_column_text][\/vc_column][vc_column width=&#8221;1\/6&#8243;][\/vc_column][\/vc_row][vc_row gap=&#8221;35&#8243; equal_height=&#8221;yes&#8221; el_class=&#8221;products-holder&#8221;][vc_column width=&#8221;1\/4&#8243; offset=&#8221;vc_col-xs-6&#8243;][vc_single_image image=&#8221;1436&#8243; img_size=&#8221;full&#8221;][vc_column_text]<\/p>\n<h3 style=\"text-align: center;\">Caramelo<\/h3>\n<p>[\/vc_column_text][\/vc_column][vc_column width=&#8221;1\/4&#8243; offset=&#8221;vc_col-xs-6&#8243;][vc_single_image image=&#8221;1490&#8243; img_size=&#8221;full&#8221;][vc_column_text]<\/p>\n<h3 style=\"text-align: center;\">Cereales<\/h3>\n<p>[\/vc_column_text][\/vc_column][vc_column width=&#8221;1\/4&#8243; offset=&#8221;vc_col-xs-6&#8243;][vc_single_image image=&#8221;1437&#8243; img_size=&#8221;full&#8221;][vc_column_text]<\/p>\n<h3 style=\"text-align: center;\">Dulces<\/h3>\n<p>[\/vc_column_text][\/vc_column][vc_column width=&#8221;1\/4&#8243; offset=&#8221;vc_col-xs-6&#8243;][vc_single_image image=&#8221;1018&#8243; img_size=&#8221;full&#8221;][vc_column_text]<\/p>\n<h3 style=\"text-align: center;\">Hard Seltzers<\/h3>\n<p>[\/vc_column_text][\/vc_column][vc_column width=&#8221;1\/4&#8243; offset=&#8221;vc_col-xs-6&#8243;][vc_single_image image=&#8221;1441&#8243; img_size=&#8221;full&#8221;][vc_column_text]<\/p>\n<h3 style=\"text-align: center;\">Helados<\/h3>\n<p>[\/vc_column_text][\/vc_column][vc_column width=&#8221;1\/4&#8243; offset=&#8221;vc_col-xs-6&#8243;][vc_single_image image=&#8221;1492&#8243; img_size=&#8221;full&#8221;][vc_column_text]<\/p>\n<h3 style=\"text-align: center;\">Jarabes grado <span style=\"color: #0051a6;\">farmac\u00e9utico<\/span><\/h3>\n<p>[\/vc_column_text][\/vc_column][vc_column width=&#8221;1\/4&#8243; offset=&#8221;vc_col-xs-6&#8243;][vc_single_image image=&#8221;1443&#8243; img_size=&#8221;full&#8221;][vc_column_text]<\/p>\n<h3 style=\"text-align: center;\">Jugos<\/h3>\n<p>[\/vc_column_text][\/vc_column][vc_column width=&#8221;1\/4&#8243; offset=&#8221;vc_col-xs-6&#8243;][vc_single_image image=&#8221;1014&#8243; img_size=&#8221;full&#8221;][vc_column_text]<\/p>\n<h3 style=\"text-align: center;\">Ketchup<\/h3>\n<p>[\/vc_column_text][\/vc_column][vc_column width=&#8221;1\/4&#8243; offset=&#8221;vc_col-xs-6&#8243;][vc_single_image image=&#8221;1495&#8243; img_size=&#8221;full&#8221;][vc_column_text]<\/p>\n<h3 style=\"text-align: center;\">Leche condensada<\/h3>\n<p>[\/vc_column_text][\/vc_column][vc_column width=&#8221;1\/4&#8243; offset=&#8221;vc_col-xs-6&#8243;][vc_single_image image=&#8221;1445&#8243; img_size=&#8221;full&#8221;][vc_column_text]<\/p>\n<h3 style=\"text-align: center;\">Mermeladas<\/h3>\n<p>[\/vc_column_text][\/vc_column][vc_column width=&#8221;1\/4&#8243; offset=&#8221;vc_col-xs-6&#8243;][vc_single_image image=&#8221;1024&#8243; img_size=&#8221;full&#8221;][vc_column_text]<\/p>\n<h3 style=\"text-align: center;\">Refrescos<\/h3>\n<p>[\/vc_column_text][\/vc_column][vc_column width=&#8221;1\/4&#8243; offset=&#8221;vc_col-xs-6&#8243;][vc_single_image image=&#8221;1447&#8243; img_size=&#8221;full&#8221;][vc_column_text]<\/p>\n<h3 style=\"text-align: center;\">Yogurt<\/h3>\n<p>[\/vc_column_text][\/vc_column][\/vc_row][vc_row css=&#8221;.vc_custom_1663780431200{margin-top: 100px !important;margin-bottom: 100px !important;}&#8221; el_class=&#8221;padded-5-percent&#8221;][vc_column][vc_row_inner][vc_column_inner width=&#8221;1\/3&#8243;][vc_column_text]<\/p>\n<h3>\u00bfTienes otros requerimientos?<\/h3>\n<p>M\u00e1ndanos tus datos y con gusto te contactaremos.[\/vc_column_text][\/vc_column_inner][vc_column_inner width=&#8221;2\/3&#8243;]<div class=\"wpforms-container wpforms-container-full\" id=\"wpforms-477\"><form id=\"wpforms-form-477\" class=\"wpforms-validate wpforms-form wpforms-ajax-form\" data-formid=\"477\" method=\"post\" enctype=\"multipart\/form-data\" action=\"\/site\/wp-json\/wp\/v2\/pages\/209\" data-token=\"b6a994bb34ce00f5c3debc5ab5c8303b\"><noscript class=\"wpforms-error-noscript\">Please enable JavaScript in your browser to complete this form.<\/noscript><div class=\"wpforms-field-container\"><div id=\"wpforms-477-field_0-container\" class=\"wpforms-field wpforms-field-name wpforms-one-half wpforms-first\" data-field-id=\"0\"><label class=\"wpforms-field-label wpforms-label-hide\" for=\"wpforms-477-field_0\">Name <span class=\"wpforms-required-label\">*<\/span><\/label><input type=\"text\" id=\"wpforms-477-field_0\" class=\"wpforms-field-large wpforms-field-required\" name=\"wpforms[fields][0]\" placeholder=\"Nombre completo\" required><\/div><div id=\"wpforms-477-field_1-container\" class=\"wpforms-field wpforms-field-email wpforms-one-half\" data-field-id=\"1\"><label class=\"wpforms-field-label wpforms-label-hide\" for=\"wpforms-477-field_1\">Email <span class=\"wpforms-required-label\">*<\/span><\/label><input type=\"email\" id=\"wpforms-477-field_1\" class=\"wpforms-field-large wpforms-field-required\" name=\"wpforms[fields][1]\" placeholder=\"Correo electr\u00f3nico\" required><\/div><div id=\"wpforms-477-field_3-container\" class=\"wpforms-field wpforms-field-text wpforms-one-half wpforms-first\" data-field-id=\"3\"><label class=\"wpforms-field-label wpforms-label-hide\" for=\"wpforms-477-field_3\">Tel\u00e9fono<\/label><input type=\"text\" id=\"wpforms-477-field_3\" class=\"wpforms-field-large\" name=\"wpforms[fields][3]\" placeholder=\"Tel\u00e9fono\" ><\/div><div id=\"wpforms-477-field_4-container\" class=\"wpforms-field wpforms-field-text wpforms-one-half\" data-field-id=\"4\"><label class=\"wpforms-field-label wpforms-label-hide\" for=\"wpforms-477-field_4\">Empresa<\/label><input type=\"text\" id=\"wpforms-477-field_4\" class=\"wpforms-field-large\" name=\"wpforms[fields][4]\" placeholder=\"Empresa\" ><\/div><div id=\"wpforms-477-field_2-container\" class=\"wpforms-field wpforms-field-textarea\" data-field-id=\"2\"><label class=\"wpforms-field-label wpforms-label-hide\" for=\"wpforms-477-field_2\">Mensaje <span class=\"wpforms-required-label\">*<\/span><\/label><textarea id=\"wpforms-477-field_2\" class=\"wpforms-field-large wpforms-field-required\" name=\"wpforms[fields][2]\" placeholder=\"Mensaje\" required><\/textarea><\/div><\/div><div class=\"wpforms-submit-container\"><input type=\"hidden\" name=\"wpforms[id]\" value=\"477\"><input type=\"hidden\" name=\"wpforms[author]\" value=\"1\"><button type=\"submit\" name=\"wpforms[submit]\" id=\"wpforms-submit-477\" class=\"wpforms-submit\" data-alt-text=\"Enviando...\" data-submit-text=\"Enviar mensaje\" aria-live=\"assertive\" value=\"wpforms-submit\">Enviar mensaje<\/button><img src=\"https:\/\/www.sucroliq.com\/site\/wp-content\/plugins\/wpforms-lite\/assets\/images\/submit-spin.svg\" class=\"wpforms-submit-spinner\" style=\"display: none;\" width=\"26\" height=\"26\" alt=\"Loading\"><\/div><\/form><\/div>  <!-- .wpforms-container -->[\/vc_column_inner][\/vc_row_inner][\/vc_column][\/vc_row]<\/p>\n","protected":false},"excerpt":{"rendered":"<p>[vc_row content_placement=&#8221;middle&#8221; type_background=&#8221;video_bg_element&#8221; vcmp_video_local_sound=&#8221;mute&#8221; responsive_mode=&#8221;true&#8221; css=&#8221;.vc_custom_1659645285419{margin-top: 0px !important;padding-top: 105px !important;padding-bottom: 105px !important;background-position: center !important;background-repeat: no-repeat !important;background-size: contain !important;}&#8221; vcmp_video_url=&#8221;http:\/\/www.sucroliq.com\/site\/wp-content\/uploads\/2022\/08\/belnds_trimmed.mp4&#8243; el_class=&#8221;extended-row&#8221;][vc_column][vc_column_text el_class=&#8221;text-white max-width-640&#8243;] Blends Mezclas especializadas Aromas, pastas, escarchas, sabores y texturas\u2026 con nuestros clientes y socios comerciales, hemos logrado crear un gran n\u00famero de soluciones y procesos espec\u00edficos.[\/vc_column_text][\/vc_column][\/vc_row][vc_row][vc_column offset=&#8221;vc_hidden-sm vc_hidden-xs&#8221;][vc_empty_space height=&#8221;70px&#8221;][\/vc_column][\/vc_row][vc_row css=&#8221;.vc_custom_1661990162985{margin-top: 30px !important;margin-bottom: 30px&hellip;<\/p>\n","protected":false},"author":1,"featured_media":0,"parent":0,"menu_order":0,"comment_status":"closed","ping_status":"closed","template":"","meta":[],"acf":[],"aioseo_notices":[],"_links":{"self":[{"href":"https:\/\/www.sucroliq.com\/site\/wp-json\/wp\/v2\/pages\/209"}],"collection":[{"href":"https:\/\/www.sucroliq.com\/site\/wp-json\/wp\/v2\/pages"}],"about":[{"href":"https:\/\/www.sucroliq.com\/site\/wp-json\/wp\/v2\/types\/page"}],"author":[{"embeddable":true,"href":"https:\/\/www.sucroliq.com\/site\/wp-json\/wp\/v2\/users\/1"}],"replies":[{"embeddable":true,"href":"https:\/\/www.sucroliq.com\/site\/wp-json\/wp\/v2\/comments?post=209"}],"version-history":[{"count":101,"href":"https:\/\/www.sucroliq.com\/site\/wp-json\/wp\/v2\/pages\/209\/revisions"}],"predecessor-version":[{"id":1695,"href":"https:\/\/www.sucroliq.com\/site\/wp-json\/wp\/v2\/pages\/209\/revisions\/1695"}],"wp:attachment":[{"href":"https:\/\/www.sucroliq.com\/site\/wp-json\/wp\/v2\/media?parent=209"}],"curies":[{"name":"wp","href":"https:\/\/api.w.org\/{rel}","templated":true}]}}