{"id":213,"date":"2022-05-23T20:55:52","date_gmt":"2022-05-24T01:55:52","guid":{"rendered":"http:\/\/www.sucroliq.com\/site\/?page_id=213"},"modified":"2022-09-21T12:15:01","modified_gmt":"2022-09-21T17:15:01","slug":"empresa","status":"publish","type":"page","link":"https:\/\/www.sucroliq.com\/site\/empresa\/","title":{"rendered":"Empresa"},"content":{"rendered":"<p>[vc_row content_placement=&#8221;middle&#8221; parallax=&#8221;content-moving&#8221; parallax_image=&#8221;1430&#8243; css=&#8221;.vc_custom_1661960940853{padding-top: 85px !important;padding-bottom: 105px !important;background-position: center;background-repeat: no-repeat !important;background-size: cover !important;}&#8221; el_class=&#8221;border-radius hero-banner&#8221;][vc_column][vc_row_inner content_placement=&#8221;middle&#8221; css=&#8221;.vc_custom_1659563688495{padding-right: 10% !important;padding-left: 10% !important;}&#8221;][vc_column_inner width=&#8221;2\/3&#8243;][vc_column_text el_class=&#8221;text-white&#8221;]<\/p>\n<h1>M\u00e1s de 20 a\u00f1os de tecnolog\u00eda e innovaci\u00f3n<\/h1>\n<p>[\/vc_column_text][\/vc_column_inner][\/vc_row_inner][\/vc_column][\/vc_row][vc_row css=&#8221;.vc_custom_1661450773515{margin-bottom: 40px !important;}&#8221;][vc_column offset=&#8221;vc_hidden-sm vc_hidden-xs&#8221;][vc_empty_space height=&#8221;80px&#8221;][\/vc_column][\/vc_row][vc_row][vc_column width=&#8221;1\/6&#8243;][\/vc_column][vc_column css_animation=&#8221;fadeInUp&#8221; width=&#8221;2\/3&#8243;][vc_column_text]<\/p>\n<p class=\"h2\">Somos la empresa mexicana l\u00edder en elaboraci\u00f3n y refinaci\u00f3n de <span style=\"color: #0051a6;\">edulcorantes<\/span>, as\u00ed como <span style=\"color: #0051a6;\">mezclas especializadas<\/span> para un gran n\u00famero de productos.<\/p>\n<p><strong>Ofrecemos a nuestros clientes tecnolog\u00edas desarrolladas espec\u00edficamente para sus necesidades.<span class=\"Apple-converted-space\">\u00a0<\/span><\/strong><\/p>\n<p>Con m\u00e1s de 20 a\u00f1os de experiencia, hemos formado un gran equipo de expertos, ingenieros e investigadores que se enfocan en ofrecer las mejores soluciones y crear nuevos procesos y productos que van desde la extracci\u00f3n, hasta la l\u00ednea de producci\u00f3n de nuestro clientes.<span class=\"Apple-converted-space\">\u00a0<\/span>[\/vc_column_text][vc_images_carousel images=&#8221;759,762,763,764&#8243; img_size=&#8221;full&#8221; onclick=&#8221;link_no&#8221; speed=&#8221;3000&#8243; autoplay=&#8221;yes&#8221; hide_pagination_control=&#8221;yes&#8221; hide_prev_next_buttons=&#8221;yes&#8221; wrap=&#8221;yes&#8221;][vc_empty_space height=&#8221;40px&#8221; el_class=&#8221;hidden-xs hidden-sm&#8221;][vc_row_inner content_placement=&#8221;middle&#8221; css=&#8221;.vc_custom_1661450933758{margin-top: 40px !important;margin-bottom: 60px !important;}&#8221;][vc_column_inner width=&#8221;2\/5&#8243;][vc_column_text]<\/p>\n<h2 class=\"h1\">Nuestra<br \/>\nMisi\u00f3n <span style=\"color: #0051a6;\">\u00bb<\/span><\/h2>\n<p>[\/vc_column_text][\/vc_column_inner][vc_column_inner width=&#8221;3\/5&#8243;][vc_column_text css_animation=&#8221;fadeInUp&#8221;]Sucroliq se especializa en la elaboraci\u00f3n de az\u00facar l\u00edquida y f\u00f3rmulas espec\u00edficas, para la industria alimenticia, con las m\u00e1s avanzadas tecnolog\u00edas y de manera sustentable.[\/vc_column_text][\/vc_column_inner][\/vc_row_inner][vc_row_inner content_placement=&#8221;middle&#8221; css=&#8221;.vc_custom_1661451648018{margin-top: 60px !important;margin-bottom: 60px !important;}&#8221;][vc_column_inner width=&#8221;2\/5&#8243;][vc_column_text]<\/p>\n<h2 class=\"h1\">Nuestra<br \/>\nVisi\u00f3n <span style=\"color: #0051a6;\">\u00bb<\/span><\/h2>\n<p>[\/vc_column_text][\/vc_column_inner][vc_column_inner width=&#8221;3\/5&#8243;][vc_column_text css_animation=&#8221;fadeInUp&#8221;]Buscamos ser l\u00edderes mundiales en la manufactura de az\u00facar l\u00edquido y formulaciones especiales, innovando y convirti\u00e9ndonos en aliados estrat\u00e9gicos de nuestros clientes, siendo referentes de calidad, confianza y profesionalismo.[\/vc_column_text][\/vc_column_inner][\/vc_row_inner][vc_row_inner content_placement=&#8221;middle&#8221; css=&#8221;.vc_custom_1661451657934{margin-top: 60px !important;margin-bottom: 0px !important;}&#8221;][vc_column_inner width=&#8221;2\/5&#8243;][vc_column_text]<\/p>\n<h2 class=\"h1\">Nuestros Valores <span style=\"color: #0051a6;\">\u00bb<\/span><\/h2>\n<p>[\/vc_column_text][\/vc_column_inner][vc_column_inner width=&#8221;3\/5&#8243;][vc_column_text]<\/p>\n<h2 class=\"typed\">\t\t\t<span id=\"typedjs38\"><\/span>\n\t\t\t<script>\n\t\t\tvar typedjs38 = new Typed('#typedjs38', {\n\t\t\t\tstrings: [\"Respeto\",\"Honestidad\",\"Confianza\",\"Integridad\",\"Inclusi\u00f3n\",\"Innovaci\u00f3n\",\"Medio ambiente\",\"Pasi\u00f3n\",\"Calidad\"],\n\t\t\t\ttypeSpeed: 50,\n\t\t\t\tbackSpeed: 50,\n\t\t\t\tbackDelay: 500,\n\t\t\t\tstartDelay: 500,\n\t\t\t\tloop: true,\n\t\t\t\tloopCount: Infinity,\n\t\t\t\tfadeOut: false,\n\t\t\t\tfadeOutDelay: 500,\n\t\t\t\tsmartBackspace: true,\n\t\t\t\tshuffle: false,\n\t\t\t\tshowCursor: true,\n\t\t\t\tcursorChar: \"|\"\n\t\t\t});\n\t\t\t<\/script>\n\n\t\t<\/h2>\n<p>[\/vc_column_text][\/vc_column_inner][\/vc_row_inner][\/vc_column][vc_column width=&#8221;1\/6&#8243;][\/vc_column][\/vc_row][vc_row full_width=&#8221;stretch_row&#8221; css=&#8221;.vc_custom_1661452091832{margin-top: 40px !important;margin-bottom: 0px !important;background-color: #ffffff !important;}&#8221;][vc_column width=&#8221;1\/6&#8243;][\/vc_column][vc_column width=&#8221;2\/3&#8243;][vc_empty_space height=&#8221;60px&#8221; el_class=&#8221;hidden-xs hidden-sm&#8221;][vc_column_text]<\/p>\n<h3 style=\"text-align: center;\">Llegamos a todos los rincones de la rep\u00fablica mexicana y<br \/>\nbuscamos expandirnos hacia <span class=\"underline\">Am\u00e9rica Latina<\/span>.<\/h3>\n<p>[\/vc_column_text][\/vc_column][vc_column width=&#8221;1\/6&#8243;][\/vc_column][\/vc_row][vc_row full_width=&#8221;stretch_row&#8221; css=&#8221;.vc_custom_1659977487475{margin-top: 0px !important;margin-bottom: 0px !important;padding-top: 210px !important;padding-bottom: 210px !important;background: #ffffff url(http:\/\/www.sucroliq.com\/site\/wp-content\/uploads\/2022\/08\/map-scaled.webp?id=1122) !important;background-position: center !important;background-repeat: no-repeat !important;background-size: contain !important;}&#8221; el_class=&#8221;big-number-holder&#8221;][vc_column width=&#8221;1\/4&#8243;][vc_column_text]<span class=\"big-number passthrough\">+1M ton<\/span><br \/>\nde sucroliq[\/vc_column_text][\/vc_column][vc_column width=&#8221;1\/4&#8243;][vc_column_text]<span class=\"big-number passthrough\">+100<\/span><br \/>\nclientes[\/vc_column_text][\/vc_column][vc_column width=&#8221;1\/4&#8243;][vc_column_text]<span class=\"big-number passthrough\">+200<\/span><br \/>\nproductos[\/vc_column_text][\/vc_column][vc_column width=&#8221;1\/4&#8243;][vc_column_text]<span class=\"big-number passthrough\">+200<\/span><br \/>\nempleados[\/vc_column_text][\/vc_column][\/vc_row][vc_row full_width=&#8221;stretch_row&#8221; parallax=&#8221;content-moving&#8221; parallax_image=&#8221;798&#8243; css=&#8221;.vc_custom_1659543701108{margin-top: 0px !important;padding-top: 50px !important;padding-bottom: 50px !important;background-position: center;background-repeat: no-repeat !important;background-size: cover !important;}&#8221;][vc_column width=&#8221;3\/5&#8243;][\/vc_column][vc_column width=&#8221;2\/5&#8243;][vc_cta h2=&#8221;Forma parte de nuestro equipo&#8221; h4=&#8221;Escr\u00edbenos para m\u00e1s informes&#8221; add_button=&#8221;bottom&#8221; btn_title=&#8221;Me interesa&#8221; btn_color=&#8221;black&#8221; btn_link=&#8221;url:mailto%3Adireccion%40sucroliq.com&#8221;][\/vc_cta][\/vc_column][\/vc_row][vc_row][vc_column width=&#8221;1\/6&#8243;][\/vc_column][vc_column width=&#8221;1\/2&#8243;][vc_empty_space height=&#8221;50px&#8221; el_class=&#8221;hidden-xs hidden-sm&#8221;][vc_column_text css=&#8221;.vc_custom_1661452306952{margin-top: 50px !important;margin-bottom: 60px !important;}&#8221;]<\/p>\n<p class=\"h1\" style=\"font-weight: 300;\">Una peque\u00f1a historia de m\u00e1s de 20 a\u00f1os:<\/p>\n<p>[\/vc_column_text][\/vc_column][vc_column width=&#8221;1\/6&#8243;][\/vc_column][\/vc_row][vc_row full_width=&#8221;stretch_row_content&#8221; css=&#8221;.vc_custom_1659978407285{padding-bottom: 100px !important;}&#8221; el_class=&#8221;timeline&#8221;][vc_column][vc_raw_html]JTNDZGl2JTIwY2xhc3MlM0QlMjJmbGV4LXBhcmVudCUyMiUzRSUwQSUwOSUzQ2RpdiUyMGNsYXNzJTNEJTIyaW5wdXQtZmxleC1jb250YWluZXIlMjIlM0UlMEElMDklMDklM0NkaXYlMjBjbGFzcyUzRCUyMmlucHV0JTIwYWN0aXZlJTIyJTNFJTBBJTA5JTA5JTA5JTNDc3BhbiUyMGRhdGEteWVhciUzRCUyMjE5OTAlMjIlMjBkYXRhLWluZm8lM0QlMjIyNiUyMGRlJTIwZmVicmVybyUyMiUzRSUzQyUyRnNwYW4lM0UlMEElMDklMDklM0MlMkZkaXYlM0UlMEElMDklMDklM0NkaXYlMjBjbGFzcyUzRCUyMmlucHV0JTIyJTNFJTBBJTA5JTA5JTA5JTNDc3BhbiUyMGRhdGEteWVhciUzRCUyMjIwMDMlMjIlMjBkYXRhLWluZm8lM0QlMjJNYXJ6byUyMiUzRSUzQyUyRnNwYW4lM0UlMEElMDklMDklM0MlMkZkaXYlM0UlMEElMDklMDklM0NkaXYlMjBjbGFzcyUzRCUyMmlucHV0JTIyJTNFJTBBJTA5JTA5JTA5JTNDc3BhbiUyMGRhdGEteWVhciUzRCUyMjIwMDklMjIlMjBkYXRhLWluZm8lM0QlMjIxMiUyMGRlJTIwanVuaW8lMjIlM0UlM0MlMkZzcGFuJTNFJTBBJTA5JTA5JTNDJTJGZGl2JTNFJTBBJTA5JTA5JTNDZGl2JTIwY2xhc3MlM0QlMjJpbnB1dCUyMiUyMCUzRSUwQSUwOSUwOSUwOSUzQ3NwYW4lMjBkYXRhLXllYXIlM0QlMjIyMDEwJTIyJTIwZGF0YS1pbmZvJTNEJTIyT2N0dWJyZSUyMiUzRSUzQyUyRnNwYW4lM0UlMEElMDklMDklM0MlMkZkaXYlM0UlMEElMDklMDklM0NkaXYlMjBjbGFzcyUzRCUyMmlucHV0JTIyJTNFJTBBJTA5JTA5JTA5JTNDc3BhbiUyMGRhdGEteWVhciUzRCUyMjIwMTUlMjIlMjBkYXRhLWluZm8lM0QlMjJBZ29zdG8lMjIlM0UlM0MlMkZzcGFuJTNFJTBBJTA5JTA5JTNDJTJGZGl2JTNFJTBBJTA5JTA5JTNDZGl2JTIwY2xhc3MlM0QlMjJpbnB1dCUyMiUzRSUwQSUwOSUwOSUwOSUzQ3NwYW4lMjBkYXRhLXllYXIlM0QlMjIyMDE5JTIyJTIwZGF0YS1pbmZvJTNEJTIyRGljaWVtYnJlJTIyJTNFJTNDJTJGc3BhbiUzRSUwQSUwOSUwOSUzQyUyRmRpdiUzRSUwQSUwOSUwOSUzQ2RpdiUyMGNsYXNzJTNEJTIyaW5wdXQlMjIlM0UlMEElMDklMDklMDklM0NzcGFuJTIwZGF0YS15ZWFyJTNEJTIyMjAyMiUyMiUyMGRhdGEtaW5mbyUzRCUyMjI3JTIwZGUlMjBtYXlvJTIyJTNFJTNDJTJGc3BhbiUzRSUwQSUwOSUwOSUzQyUyRmRpdiUzRSUwQSUwOSUzQyUyRmRpdiUzRSUwQSUwOSUzQ2RpdiUyMGNsYXNzJTNEJTIyZGVzY3JpcHRpb24tZmxleC1jb250YWluZXIlMjIlM0UlMEElMDklMDklM0NkaXYlMjBjbGFzcyUzRCUyMmFjdGl2ZSUyMiUzRSUwQSUwOSUwOSUwOSUzQ2gzJTNFJUMyJUJCJTIwQ29uc3RpdHVjaSVDMyVCM24lMjBkZSUyMENvcHJvYmFtZXguJTNDJTJGaDMlM0UlMEElMDklMDklMDklM0NwJTNFJTNDYiUzRVN1Y3JvbGlxJTIwJUMyJUFFJTIwZXMlMjB1biUyMGdydXBvJTIwcGlvbmVybyUyMHBhcmElMjByZWZpbmFyJTIwYXolQzMlQkFjYXIlMjBsJUMzJUFEcXVpZGElM0MlMkZiJTNFJTIwbWVkaWFudGUlMjBlbCUyMHVzbyUyMGRlJTIwbnVlc3Ryb3MlMjBwcm9waW9zJTIwZGVzYXJyb2xsb3MlMjB0ZWNub2wlQzMlQjNnaWNvcyUyQyUyMGxvZ3JhbmRvJTIwc2VyJTIwbCVDMyVBRGRlcmVzJTIwZW4lMjBlbCUyMG1lcmNhZG8lMjBtZXhpY2FubyUyMHklMjBhbHRhbWVudGUlMjBjb21wZXRpdGl2b3MlMjBhJTIwbml2ZWwlMjBpbnRlcm5hY2lvbmFsLiUyMCUwQSUwOSUwOSUwOSUzQ2JyJTNFJTNDYnIlM0UlMEElMDklMDklMDlTb21vcyUyMHVuJTIwZ3J1cG8lMjBkZSUyMGVtcHJlc2FzJTIwJTNDYiUzRWNvbiUyMGFjY2lvbmlzdGFzJTIwMTAwJTI1JTIwbWV4aWNhbm9zJTNDJTJGYiUzRSUyQyUyMGNvbmZvcm1hZG8lMjBwb3IlMjBDb3Byb2JhbWV4JTJDJTIwUy5BLlAuSS4lMjBkZSUyMEMuVi4lMkMlMjBTdWNyb2xpcSUyMFMuQS5QLkkuJTIwZGUlMjBDLlYuJTJDJTIwU3Vjcm9saXElMjBJbnQlMkMlMjBTLkEuUC5JLiUyMGRlJTIwQy5WLiUyQyUyMFN1Y3JvbGlxJTIwQ29ycCUyMHklMjBTdWNyb2xpcSUyMEFyZ2VudGluYSUyQyUyMFMuQS4lM0MlMkZwJTNFJTBBJTA5JTA5JTNDJTJGZGl2JTNFJTBBJTBBJTA5JTA5JTNDZGl2JTNFJTBBJTA5JTA5JTA5JTNDaDMlM0UlQzIlQkIlMjBJbmljaW8lMjBkZSUyMG9wZXJhY2lvbmVzJTIwZW4lMjBBbWVjYW1lY2ElM0MlMkZoMyUzRSUwQSUwOSUwOSUwOSUzQ3AlM0VFbiUyMDIwMDMlMkMlMjB0cmFzJTIwbGElMjBpbXBvc2ljaSVDMyVCM24lMjBkZWwlMjBJbXB1ZXN0byUyMEVzcGVjaWFsJTIwU29icmUlMjBQcm9kdWN0b3MlMjB5JTIwU2VydmljaW9zJTIwJTI4SUVQUyUyOSUyMGElMjBsYXMlMjBiZWJpZGFzJTIwcXVlJTIwdXRpbGl6YXJhbiUyMHVuJTIwZWR1bGNvcmFudGUlMjBkaXN0aW50byUyMGFsJTIwYXolQzMlQkFjYXIlMkMlMjBub3MlMjBkaW1vcyUyMGElMjBsYSUyMHRhcmVhJTIwZGUlMjBhdGVuZGVyJTIwbGFzJTIwbmVjZXNpZGFkZXMlMjBkZSUyMG51ZXN0cm9zJTIwY2xpZW50ZXMlMjBlJTIwJTNDYiUzRWluc3RhbGFtb3MlMjBsYSUyMHByaW1lcmElMjBwbGFudGElMjBkZSUyMGVsYWJvcmFjaSVDMyVCM24lMjBkZSUyMGF6JUMzJUJBY2FyJTIwbCVDMyVBRHF1aWRhJTIwJTI4U3Vjcm9saXElMjAlQzIlQUUlMjklM0MlMkZiJTNFJTJDJTIwcmVlbXBsYXphbmRvJTIwZGlyZWN0YW1lbnRlJTIwZWwlMjBjb25zdW1vJTIwZGUlMjBhbHRhJTIwZnJ1Y3Rvc2ElMjBkZSUyMG1hJUMzJUFEeiUyMCUyOEhGQ1MlMjkuJTIwJTBBJTA5JTA5JTA5JTNDYnIlM0UlM0NiciUzRSUwQSUwOSUwOSUwOVBvc3Rlcmlvcm1lbnRlJTJDJTIwYSVDMyVCQW4lMjBkZXNhcGFyZWNpZGElMjBsYSUyMGltcG9zaWNpJUMzJUIzbiUyQyUyMGxvZ3JhbW9zJTIwcGVybWFuZWNlciUyMGVuJTIwZWwlMjBtZXJjYWRvJTJDJTIwY29uc29saWQlQzMlQTFuZG9ub3MlMjBjb24lMjBudWVzdHJvcyUyMGRlc2Fycm9sbG9zJTIwdGVjbm9sJUMzJUIzZ2ljb3MlMjBjb21vJTIwJTNDYiUzRWxhJTIwJUMzJUJBbmljYSUyMGFsdGVybmF0aXZhJTIwZW4lMjBNJUMzJUE5eGljbyUyMHF1ZSUyMGNvbmp1bnRhJTIwbG9zJTIwbSVDMyVBMXMlMjBhbHRvcyUyMGVzdCVDMyVBMW5kYXJlcyUyMGRlJTIwY2FsaWRhZCUyMGVuJTIwYXolQzMlQkFjYXIlMjBlbiUyMHByZXNlbnRhY2klQzMlQjNuJTIwbCVDMyVBRHF1aWRhJTIweSUyMGElMjB1biUyMHByZWNpbyUyMG11eSUyMGNvbXBldGl0aXZvLiUzQyUyRmIlM0UlM0MlMkZwJTNFJTBBJTA5JTA5JTNDJTJGZGl2JTNFJTBBJTBBJTA5JTA5JTNDZGl2JTNFJTBBJTA5JTA5JTA5JTNDaDMlM0UlQzIlQkIlMjBDb25zdGl0dWNpJUMzJUIzbiUyMFN1Y3JvbGlxJTNDJTJGaDMlM0UlMEElMDklMDklMDklM0NwJTNFRW4lMjBlbCUyMDIwMDklMjBjb25zdGl0dWltb3MlMjAlM0NiJTNFbGElMjBwcmltZXJhJTIwZW1wcmVzYSUyMGRlbCUyMGdydXBvJTIwU3Vjcm9saXElM0MlMkZiJTNFJTJDJTIwZGVkaWNhZGElMjBhJTIwbGElMjByZWZpbmFjaSVDMyVCM24lMjBkZSUyMGF6JUMzJUJBY2FyJTIwbCVDMyVBRHF1aWRhJTIweSUyMGFsJTIwZGVzYXJyb2xsbyUyMGRlJTIwdGVjbm9sb2clQzMlQURhJTIwcGFyYSUyMGVsJTIwbWlzbW8lMjBmaW4lMkMlMjBjb24lMjBsYSUyMHBhcnRpY2lwYWNpJUMzJUIzbiUyMGRlJTIwQ29wcm9iYW1leCUyQyUyMGxhJTIwVW5pJUMzJUIzbiUyME5hY2lvbmFsJTIwZGUlMjBDYSVDMyVCMWVyb3MlMjAlMjhDTlBSJTI5JTIweSUyMGVsJTIwRm9uZG8lMjBkZSUyMENhcGl0YWxpemFjaSVDMyVCM24lMjBlJTIwSW52ZXJzaSVDMyVCM24lMjBkZWwlMjBTZWN0b3IlMjBSdXJhbCUyMCUyOEZPQ0lSJTI5JTIwYSUyMHRyYXYlQzMlQTlzJTIwZGVsJTIwRm9uZG8lMjBkZSUyMEludmVyc2klQzMlQjNuJTIwZGUlMjBDYXBpdGFsJTIwZW4lMjBBZ3JvbmVnb2Npb3MlMjAlMjhGSUNBJTI5LiUyMCUzQyUyRnAlM0UlMEElMDklMDklMDklMEElMDklMDklMDklM0NoMyUzRSVDMiVCQiUyMFByZW1pbyUyME5hY2lvbmFsJTIwZGUlMjBUZWNub2xvZyVDMyVBRGElMjBlJTIwSW5ub3ZhY2klQzMlQjNuJTNDJTJGaDMlM0UlMEElMDklMDklMDklM0NwJTNFRW4lMjBlbCUyMHByb2Nlc28lMjBkZSUyMGNyZWFjaSVDMyVCM24lMjByZWFsaXphbW9zJTIwZGl2ZXJzb3MlMjBlc3R1ZGlvcyUyMHklMjBhbiVDMyVBMWxpc2lzJTJDJTIwdmFyaW9zJTIwZGUlMjBlbGxvcyUyMHJlYWxpemFkb3MlMjBlbiUyMGZvcm1hJTIwY29uanVudGElMjBjb24lMjBlbCUyMENlbnRybyUyMGRlJTIwSW52ZXN0aWdhY2klQzMlQjNuJTIweSUyMEFzaXN0ZW5jaWElMjBlbiUyMFRlY25vbG9nJUMzJUFEYSUyMHklMjBEaXNlJUMzJUIxbyUyMGRlbCUyMEVzdGFkbyUyMGRlJTIwSmFsaXNjbyUyQyUyMEEuQy4lMjAlMjhDSUFURUolMjklM0IlMjBkZXJpdmFkbyUyMGRlJTIwZWxsb3MlMkMlMjAlM0NiJTNFbGElMjB0ZWNub2xvZyVDMyVBRGElMjBkZXNhcnJvbGxhZGElMjB0aWVuZSUyMGxhJTIwY2FwYWNpZGFkJTIwcGFyYSUyMGNvbnZlcnRpciUyMGF6JUMzJUJBY2FyJTIwY3J1ZGElMjBlbiUyMHNhY2Fyb3NhJTIwbCVDMyVBRHF1aWRhJTIwcmVmaW5hZGElM0MlMkZiJTNFLiUyMExhJTIwc2ltcGxpY2lkYWQlMjBlbiUyMGVsJTIwdXNvJTIwZGVsJTIwc2lzdGVtYSUyMHklMjBzdSUyMGZsZXhpYmlsaWRhZCUyMHBlcm1pdGUlMjBtYW51ZmFjdHVyYXIlMjBwcm9kdWN0b3MlMjBhJTIwbGElMjBtZWRpZGElMjBkZSUyMGxhcyUyMG5lY2VzaWRhZGVzJTIwZGUlMjBudWVzdHJvcyUyMGNsaWVudGVzLiUyMEVudHJlZyVDMyVBMW5kb2xlcyUyMGNvbW8lMjAlM0NiJTNFcHJvZHVjdG8lMjB1bmElMjBtYXRlcmlhJTIwcHJpbWElMjBsaXN0YSUyMHBhcmElMjBzZXIlMjBpbmNvcnBvcmFkYSUyMGRpcmVjdGFtZW50ZSUyMGVuJTIwc3VzJTIwbCVDMyVBRG5lYXMlMjBkZSUyMHByb2R1Y2NpJUMzJUIzbiUyMHklMjBiYWpvJTIwbG9zJTIwZXN0JUMzJUExbmRhcmVzJTIwZGUlMjBjYWxpZGFkJTIwbSVDMyVBMXMlMjByaWd1cm9zb3MlMjBhJTIwbml2ZWwlMjBtdW5kaWFsJTNDJTJGYiUzRS4lMjAlM0MlMkZwJTNFJTBBJTA5JTA5JTNDJTJGZGl2JTNFJTBBJTBBJTA5JTA5JTNDZGl2JTNFJTBBJTA5JTA5JTA5JTNDaDMlM0UlQzIlQkIlMjBJbmljaW8lMjBkZSUyMG9wZXJhY2lvbmVzJTIwZW4lMjBBcG9kYWNhJTNDJTJGaDMlM0UlMEElMDklMDklMDklM0NwJTNFJTNDYiUzRUdydXBvJTIwU3Vjcm9saXElMjBlcyUyMGVsJTIwbWF5b3IlMjBwcm9kdWN0b3IlMjBkZSUyMGF6JUMzJUJBY2FyJTIwbCVDMyVBRHF1aWRhJTIwZW4lMjBNJUMzJUE5eGljbyUzQyUyRmIlM0UlMjB5JTIwdGVuZW1vcyUyMGxhJTIwcGF0ZW50ZSUyMHBhcmElMjB1c2FyJTIwYXolQzMlQkFjYXIlMjBjcnVkbyUyMGVuJTIwbnVlc3RybyUyMHByb2Nlc28lMjB5JTIwZWxhYm9yYXIlMjB1biUyMGphcmFiZSUyMGRlJTIwbGElMjBtaXNtYSUyMGNhbGlkYWQlMjBxdWUlMjBsb3MlMjBvYnRlbmlkb3MlMjBjb24lMjBiYXNlJTIwZW4lMjBheiVDMyVCQWNhciUyMHJlZmluYWRhLiUyMEFzaW1pc21vJTJDJTIwJTNDYiUzRWNvbnRhbW9zJTIwY29uJTIwY2xpZW50ZXMlMjBkZSUyMGNhdGVnb3IlQzMlQURhJTIwbXVuZGlhbCUyQyUyMGVudHJlJTIwZWxsb3MlMjBtYXJjYXMlMjByZWZyZXNxdWVyYXMlMkMlMjBkZSUyMGNlcmVhbGVzJTIweSUyMGwlQzMlQTFjdGVvcyUzQyUyRmIlM0UlMkMlMjBsbyUyMHF1ZSUyMG5vcyUyMGhhJTIwaGVjaG8lMjByZWJhc2FyJTIwZnJvbnRlcmFzJTIweSUyMHRlbmVyJTIwbGElMjB2aXN0YSUyMHB1ZXN0YSUyMGVuJTIwZGlmZXJlbnRlcyUyMHBhJUMzJUFEc2VzJTJDJTIwYmFzYWRvJTIwZW4lMjBudWVzdHJhJTIwZm9ydGFsZXphJTIwdGVjbm9sJUMzJUIzZ2ljYSUyMHklMjBlbCUyMCVDMyVBOXhpdG8lMjBkZSUyMGxhcyUyMHJlbGFjaW9uZXMlMjBjb21lcmNpYWxlcyUyMGNvbiUyMGdyYW5kZXMlMjBjb21wYSVDMyVCMSVDMyVBRGFzJTIwY29tbyUzQSUyMCUzQ2IlM0VEYW5vbmUlMkMlMjBLZWxsb2dnJTJDJTIwTmVzdGwlQzMlQTklMkMlMjBQZXBzaUNvJTIweSUyMEJpbWJvJTJDJTIwZW50cmUlMjBvdHJhcyUzQyUyRmIlM0UuJTNDJTJGcCUzRSUwQSUwOSUwOSUzQyUyRmRpdiUzRSUwQSUwQSUwOSUwOSUzQ2RpdiUzRSUwQSUwOSUwOSUwOSUzQ2gzJTNFJUMyJUJCJTIwSW5pY2lvJTIwZGUlMjBvcGVyYWNpb25lcyUyMGVuJTIwSXJhcHVhdG8lM0MlMkZoMyUzRSUwQSUwOSUwOSUwOSUzQ3AlM0VJbmljaWFtb3MlMjBvcGVyYWNpb25lcyUyMGVuJTIwbGElMjBwbGFudGElMjBkZSUyMElyYXB1YXRvJTJDJTIwY29uZm9ybWFuZG8lMjB1bmElMjBhbGlhbnphJTIwZXNlbmNpYWwlMjBjb24lMjBEYW5vbmUuJTNDJTJGcCUzRSUwQSUwOSUwOSUzQyUyRmRpdiUzRSUwQSUwQSUwOSUwOSUzQ2RpdiUzRSUwQSUwOSUwOSUwOSUzQ2gzJTNFJUMyJUJCJTIwSW5pY2lvJTIwZGUlMjBCbGVuZHMlMjB5JTIwb3RyYXMlMjBlc3BlY2lhbGlkYWRlcyUyMGVuJTIwQXBvZGFjYSUzQyUyRmgzJTNFJTBBJTA5JTA5JTA5JTNDcCUzRSUzQ2IlM0VDcmVhbW9zJTIwc29sdWNpb25lcyUyMGElMjBsYSUyMG1lZGlkYS4lM0MlMkZiJTNFJTIwTm9zJTIwZ3VzdGElMjBpbm5vdmFyJTIwY29uJTIwbnVlc3Ryb3MlMjBjbGllbnRlcyUyQyUyMHBvciUyMGxvJTIwcXVlJTIwcGxhbmVhbW9zJTIwcHJvY2Vzb3MlMjBhJTIwbGElMjBtZWRpZGElMjBwYXJhJTIwY3JlYXIlMjBsb3MlMjBtZWpvcmVzJTIwcHJvZHVjdG9zJTIwZGUlMjBsYSUyMGluZHVzdHJpYSUyMHBvciUyMG1lZGlvJTIwZGUlMjBwcm9jZXNvcyUyMGVzcGVjJUMzJUFEZmljb3MlMjBxdWUlMjBhdGllbmRlbiUyMGElMjBsYXMlMjBuZWNlc2lkYWRlcyUyMHB1bnR1YWxlcyUyMGRlJTIwY2FkYSUyMHVubyUyMGRlJTIwZWxsb3MuJTNDJTJGcCUzRSUwQSUwOSUwOSUzQyUyRmRpdiUzRSUwQSUwQSUwOSUwOSUzQ2RpdiUzRSUwQSUwOSUwOSUwOSUzQ2gzJTNFJUMyJUJCJTIwSW5pY2lvJTIwZGUlMjBvcGVyYWNpb25lcyUyMGVuJTIwTWV4aWNhbGklM0MlMkZoMyUzRSUwQSUwOSUwOSUwOSUzQ3AlM0VBY3R1YWxtZW50ZSUyQyUyMGxhcyUyMG9maWNpbmFzJTIwY29ycG9yYXRpdmFzJTIwZGUlMjBTdWNyb2xpcSUyMHNlJTIwZW5jdWVudHJhbiUyMGVuJTIwbGElMjBDaXVkYWQlMjBkZSUyME0lQzMlQTl4aWNvJTIweSUyMGNvbnRhbW9zJTIwY29uJTIwNCUyMHBsYW50YXMlMjBwYXJhJTIwbGElMjByZWZpbmFjaSVDMyVCM24lMjBkZSUyMGF6JUMzJUJBY2FyJTIwbCVDMyVBRHF1aWRhJTIwY29uJTIwJTNDYiUzRWNhcGFjaWRhZCUyMGRlJTIwcHJvZHVjY2klQzMlQjNuJTIwdG90YWwlMjBkZSUyMDQ4MCUyQzAwMCUyMFRNJTIwYW51YWxlcyUzQyUyRmIlM0UuJTIwTGFzJTIwcGxhbnRhcyUyMHNlJTIwZW5jdWVudHJhbiUyMHViaWNhZGFzJTIwZW4lMjBBbWVjYW1lY2ElMkMlMjBFc3RhZG8lMjBkZSUyME0lQzMlQTl4aWNvJTNCJTIwTW9udGVycmV5JTJDJTIwTnVldm8lMjBMZSVDMyVCM24lM0IlMjBJcmFwdWF0byUyQyUyMEd1YW5hanVhdG8lM0IlMjB5JTJDJTIwbGElMjBtJUMzJUExcyUyMHJlY2llbnRlJTIwZW4lMjBNZXhpY2FsaSUyQyUyMEJhamElMjBDYWxpZm9ybmlhJTJDJTIwY29uJTIwbGElMjBjdWFsJTIwaW5pY2lhbW9zJTIwb3BlcmFjaW9uZXMlMjBlbiUyMDIwMjIuJTIwVG9kYXMlMjBudWVzdHJhcyUyMHBsYW50YXMlMjBjdWVudGFuJTIwY29uJTIwdG9kb3MlMjBsb3MlMjBwZXJtaXNvcyUyMG11bmljaXBhbGVzJTJDJTIwZXN0YXRhbGVzJTJDJTIwZmVkZXJhbGVzJTIwZSUyMGluY2x1c28lMjBpbnRlcm5hY2lvbmFsZXMlMjBwYXJhJTIwb3BlcmFyJTIweSUyMHNlciUyMHBhcnRlJTIwZGUlMjBsYSUyMGNhZGVuYSUyMGRlJTIwcHJvZHVjY2klQzMlQjNuJTIwZGUlMjBudWVzdHJvcyUyMGNsaWVudGVzLiUzQyUyRnAlM0UlMEElMDklMDklM0MlMkZkaXYlM0UlMEElMEElMDklM0MlMkZkaXYlM0UlMEElM0MlMkZkaXYlM0U=[\/vc_raw_html][\/vc_column][\/vc_row]<\/p>\n","protected":false},"excerpt":{"rendered":"<p>[vc_row content_placement=&#8221;middle&#8221; parallax=&#8221;content-moving&#8221; parallax_image=&#8221;1430&#8243; css=&#8221;.vc_custom_1661960940853{padding-top: 85px !important;padding-bottom: 105px !important;background-position: center;background-repeat: no-repeat !important;background-size: cover !important;}&#8221; el_class=&#8221;border-radius hero-banner&#8221;][vc_column][vc_row_inner content_placement=&#8221;middle&#8221; css=&#8221;.vc_custom_1659563688495{padding-right: 10% !important;padding-left: 10% !important;}&#8221;][vc_column_inner width=&#8221;2\/3&#8243;][vc_column_text el_class=&#8221;text-white&#8221;] M\u00e1s de 20 a\u00f1os de tecnolog\u00eda e innovaci\u00f3n [\/vc_column_text][\/vc_column_inner][\/vc_row_inner][\/vc_column][\/vc_row][vc_row css=&#8221;.vc_custom_1661450773515{margin-bottom: 40px !important;}&#8221;][vc_column offset=&#8221;vc_hidden-sm vc_hidden-xs&#8221;][vc_empty_space height=&#8221;80px&#8221;][\/vc_column][\/vc_row][vc_row][vc_column width=&#8221;1\/6&#8243;][\/vc_column][vc_column css_animation=&#8221;fadeInUp&#8221; width=&#8221;2\/3&#8243;][vc_column_text] Somos la empresa mexicana l\u00edder en elaboraci\u00f3n y refinaci\u00f3n de edulcorantes, as\u00ed como&hellip;<\/p>\n","protected":false},"author":1,"featured_media":0,"parent":0,"menu_order":0,"comment_status":"closed","ping_status":"closed","template":"","meta":[],"acf":[],"aioseo_notices":[],"_links":{"self":[{"href":"https:\/\/www.sucroliq.com\/site\/wp-json\/wp\/v2\/pages\/213"}],"collection":[{"href":"https:\/\/www.sucroliq.com\/site\/wp-json\/wp\/v2\/pages"}],"about":[{"href":"https:\/\/www.sucroliq.com\/site\/wp-json\/wp\/v2\/types\/page"}],"author":[{"embeddable":true,"href":"https:\/\/www.sucroliq.com\/site\/wp-json\/wp\/v2\/users\/1"}],"replies":[{"embeddable":true,"href":"https:\/\/www.sucroliq.com\/site\/wp-json\/wp\/v2\/comments?post=213"}],"version-history":[{"count":265,"href":"https:\/\/www.sucroliq.com\/site\/wp-json\/wp\/v2\/pages\/213\/revisions"}],"predecessor-version":[{"id":1696,"href":"https:\/\/www.sucroliq.com\/site\/wp-json\/wp\/v2\/pages\/213\/revisions\/1696"}],"wp:attachment":[{"href":"https:\/\/www.sucroliq.com\/site\/wp-json\/wp\/v2\/media?parent=213"}],"curies":[{"name":"wp","href":"https:\/\/api.w.org\/{rel}","templated":true}]}}