{"id":218,"date":"2022-05-23T20:56:28","date_gmt":"2022-05-24T01:56:28","guid":{"rendered":"http:\/\/www.sucroliq.com\/site\/?page_id=218"},"modified":"2022-09-21T12:20:14","modified_gmt":"2022-09-21T17:20:14","slug":"tecnologia","status":"publish","type":"page","link":"https:\/\/www.sucroliq.com\/site\/tecnologia\/","title":{"rendered":"Tecnolog\u00eda"},"content":{"rendered":"<p>[vc_row full_width=&#8221;stretch_row_content_no_spaces&#8221;][vc_column]<style type=\"text\/css\">\r\n\t\t\t\t .vcmp-carousel-1 {\r\n\t\t\t\t\tcolor:#383838;\t\t\t\t\t \r\n\t\t\t\t }\r\n\t\t\t\t .vcmp-carousel-1 h1 {\r\n\t\t\t\t\tfont-size: !important;\r\n\t\t\t\t }\r\n\t\t\t\t .vcmp-carousel-1 a {\r\n\t\t\t\t\tcolor:#383838;\r\n\t\t\t\t }\r\n\t\t\t\t .vcmp-carousel-1 a:hover {\r\n\t\t\t\t\tcolor:#8a8a8a;\r\n\t\t\t\t }\t\t\t\t\t \t\t\t\t \r\n\t\t\t\t .vcmp-carousel-1 .vcmp-item,\r\n\t\t\t\t .vcmp-carousel-1 .vcmp-image-over .adtheme-icon-plus,\r\n\t\t\t\t .vcmp-carousel-1 .vcmp-image-over .adtheme-icon-search,\r\n\t\t\t\t .vcmp-controls ul li {\r\n\t\t\t\t\tbackground:#ffffff;\r\n\t\t\t\t}\r\n\t\t\t\t.vcmp-carousel-1 .vcmp-item:hover .vcmp-image-over {\r\n\t\t\t\t\tbackground:rgba(0,0,0,0.3);\r\n\t\t\t\t}\r\n\t\t\t\t.vcmp-carousel-1 .vcmp-item .vcmp-title {\r\n\t\t\t\t\tbackground:rgba(0,0,0,0.3);\r\n\t\t\t\t\tcolor:#ffffff;\r\n\t\t\t\t}\t\t\t\t\r\n\t\t\t\t.vcmp-carousel-1 .vcmp-pagination a {\r\n\t\t\t\t\tbackground:#ffffff;\r\n\t\t\t\t}\r\n\t\t\t\t.vcmp-carousel-1 .vcmp-item:hover .vcmp-image-over {\r\n\t\t\t\t\tbackground:rgba(0,0,0,0.3);\r\n\t\t\t\t}\r\n\t\t\t\t.vcmp-carousel-1 .vcmp-image-over .adtheme-icon-plus {\r\n\t\t\t\t\tcolor:#383838;\r\n\t\t\t\t}\r\n\t\t\t\t.vcmp-carousel-1 .vcmp-image-over .adtheme-icon-plus {\r\n\t\t\t\t\tborder-color:#383838;\r\n\t\t\t\t}\t\t\t\t\r\n\t\t\t\t.vcmp-carousel-1 .vcmp-image-over .adtheme-icon-plus:hover,\r\n\t\t\t\t.vcmp-carousel-1 .vcmp-image-over .adtheme-icon-search:hover {\r\n\t\t\t\t\tcolor:#8a8a8a;\r\n\t\t\t\t}\r\n\t\t\t\t.vcmp-carousel-1 .owl-item\t{\r\n\t\t\t\t\tpadding:0 15px;\r\n\t\t\t\t}\r\n\t\t\t\t.vcmp-carousel.owl-theme .owl-controls .owl-buttons div {\r\n\t\t\t\t\tbackground:rgba(0,0,0,0.3);\r\n\t\t\t\t}.vcmp-carousel .owl-buttons .owl-prev {\r\n\t\t\t\t\t\tleft:0 15px!important;\t\r\n\t\t\t\t\t}\r\n\t\t\t\t\t.vcmp-carousel .owl-buttons .owl-next {\r\n\t\t\t\t\t\tright:0 15px!important;\r\n\t\t\t\t\t}\r\n\t\t\t\t\t<\/style>\r\n\t\t\t<script>\r\n\t\t\tjQuery(document).ready(function($){\r\n      \t\t\t$(\".vcmp-carousel-1\").owlCarousel({\r\n\t\t\t\t\titems : 3,\r\n\t\t\t\t\tautoPlay: 2500,\r\n\t\t\t\t\tnavigation: false,\r\n\t\t\t\t\tpagination: false,\r\n\t\t\t\t\titemsTablet: [1025,2],\r\n\t\t\t\t\titemsMobile: [479,1],\r\n\t\t\t\t\tnavigationText: ['<i class=\"adtheme-icon-arrow-left\"><\/i>','<i class=\"adtheme-icon-arrow-right\"><\/i>'] \t\t\t\t\r\n\t\t\t\t});\r\n\t\t\t});\r\n\t\t\t<\/script><div class=\"vcmp-carousel vcmp-1 vcmp-carousel-style1 vcmp-carousel-1 owl-carousel\"><div class=\"vcmp-item\"><div class=\"vcmp-container-thumbs\"><div class=\"vcmp-header-container\"><a href=\"\" target=\"_self\"><img src=\"https:\/\/www.sucroliq.com\/site\/wp-content\/uploads\/2022\/08\/Medical-Equipment-1200x800.webp\"><\/a><\/div><\/div><\/div><div class=\"vcmp-item\"><div class=\"vcmp-container-thumbs\"><div class=\"vcmp-header-container\"><a href=\"\" target=\"_self\"><img src=\"https:\/\/www.sucroliq.com\/site\/wp-content\/uploads\/2022\/08\/Building-1-1200x800.webp\"><\/a><\/div><\/div><\/div><div class=\"vcmp-item\"><div class=\"vcmp-container-thumbs\"><div class=\"vcmp-header-container\"><a href=\"\" target=\"_self\"><img src=\"https:\/\/www.sucroliq.com\/site\/wp-content\/uploads\/2022\/08\/Train-1200x800.webp\"><\/a><\/div><\/div><\/div><\/div>[\/vc_column][\/vc_row][vc_row css=&#8221;.vc_custom_1659567525907{margin-top: 60px !important;}&#8221;][vc_column width=&#8221;1\/6&#8243;][\/vc_column][vc_column width=&#8221;2\/3&#8243;][vc_column_text]<\/p>\n<h1>Nunca hubo un <span style=\"color: #0051a6;\">l\u00edquido<\/span> m\u00e1s <span style=\"color: #0051a6;\">s\u00f3lido<\/span>.<\/h1>\n<p><strong>Nos gusta innovar y en conjunto lo hacemos muy bien.<\/strong><\/p>\n<p>Nuestros procesos patentados permiten el uso eficiente de energ\u00eda en cada una de nuestras plantas. Nuestro objetivo es llevar a nuestros clientes y a sus clientes finales, la mejor calidad, garantizando una producci\u00f3n sostenible y procesos de fabricaci\u00f3n eficientes.<\/p>\n<p>&nbsp;<\/p>\n<p><strong>Contamos con <span class=\"passthrough\">4 plantas en la Rep\u00fablica Mexicana<\/span>, dos de ellas 100% automatizadas y con la m\u00e1s alta tecnolog\u00eda.<\/strong>[\/vc_column_text][\/vc_column][vc_column width=&#8221;1\/6&#8243;][\/vc_column][\/vc_row][vc_row][vc_column width=&#8221;1\/3&#8243; offset=&#8221;vc_col-md-offset-2&#8243;][vc_single_image image=&#8221;900&#8243; img_size=&#8221;full&#8221; onclick=&#8221;custom_link&#8221; img_link_target=&#8221;_blank&#8221; el_class=&#8221;border-radius&#8221; link=&#8221;https:\/\/goo.gl\/maps\/aQtsw3hthTfxYZms7&#8243;][vc_column_text css=&#8221;.vc_custom_1659567111818{margin-bottom: 0px !important;}&#8221;]<strong><i>Planta Sucroliq Monterrey<\/i><\/strong>[\/vc_column_text][vc_raw_html]JTNDYSUyMHRhcmdldCUzRCUyMl9ibGFuayUyMiUyMGNsYXNzJTNEJTIybGFib3JhdG9yLWJ0biUyMGJ0biUyMGJ0bi1pbmRleC0xJTIwYnRuLXR5cGUtc3RhbmRhcmQlMjBidG4tbm9ybWFsJTIyJTIwaHJlZiUzRCUyMmh0dHBzJTNBJTJGJTJGZ29vLmdsJTJGbWFwcyUyRmFRdHN3M2h0aFRmeFlabXM3JTIyJTNFVmVyJTIwZW4lMjBtYXBhJTNDJTJGYSUzRQ==[\/vc_raw_html][vc_empty_space height=&#8221;35px&#8221;][vc_single_image image=&#8221;848&#8243; img_size=&#8221;full&#8221; onclick=&#8221;custom_link&#8221; img_link_target=&#8221;_blank&#8221; el_class=&#8221;border-radius&#8221; link=&#8221;https:\/\/goo.gl\/maps\/Jp8bLJaZ6wfFTSEw5&#8243;][vc_column_text css=&#8221;.vc_custom_1659567264775{margin-bottom: 0px !important;}&#8221;]<strong><i>Planta Sucroliq Irapuato<\/i><\/strong><i><\/i>[\/vc_column_text][vc_raw_html]JTNDYSUyMHRhcmdldCUzRCUyMl9ibGFuayUyMiUyMGNsYXNzJTNEJTIybGFib3JhdG9yLWJ0biUyMGJ0biUyMGJ0bi1pbmRleC0xJTIwYnRuLXR5cGUtc3RhbmRhcmQlMjBidG4tbm9ybWFsJTIyJTIwaHJlZiUzRCUyMmh0dHBzJTNBJTJGJTJGZ29vLmdsJTJGbWFwcyUyRkpwOGJMSmFaNndmRlRTRXc1JTIyJTNFVmVyJTIwZW4lMjBtYXBhJTNDJTJGYSUzRQ==[\/vc_raw_html][vc_empty_space height=&#8221;35px&#8221;][\/vc_column][vc_column width=&#8221;1\/3&#8243;][vc_single_image image=&#8221;855&#8243; img_size=&#8221;full&#8221; onclick=&#8221;custom_link&#8221; img_link_target=&#8221;_blank&#8221; el_class=&#8221;border-radius&#8221; link=&#8221;https:\/\/goo.gl\/maps\/Vwshu9Vx1Ku9Zjdy5&#8243;][vc_column_text css=&#8221;.vc_custom_1659567172842{margin-bottom: 0px !important;}&#8221;]<strong><i>Planta Sucroliq Mexicali<\/i><\/strong>[\/vc_column_text][vc_raw_html]JTNDYSUyMHRhcmdldCUzRCUyMl9ibGFuayUyMiUyMGNsYXNzJTNEJTIybGFib3JhdG9yLWJ0biUyMGJ0biUyMGJ0bi1pbmRleC0xJTIwYnRuLXR5cGUtc3RhbmRhcmQlMjBidG4tbm9ybWFsJTIyJTIwaHJlZiUzRCUyMmh0dHBzJTNBJTJGJTJGZ29vLmdsJTJGbWFwcyUyRlZ3c2h1OVZ4MUt1OVpqZHk1JTIyJTNFVmVyJTIwZW4lMjBtYXBhJTNDJTJGYSUzRQ==[\/vc_raw_html][vc_empty_space height=&#8221;35px&#8221;][vc_single_image image=&#8221;852&#8243; img_size=&#8221;full&#8221; onclick=&#8221;custom_link&#8221; img_link_target=&#8221;_blank&#8221; el_class=&#8221;border-radius&#8221; link=&#8221;https:\/\/goo.gl\/maps\/EVHNDDEoB9EASSSMA&#8221;][vc_column_text css=&#8221;.vc_custom_1659567273284{margin-bottom: 0px !important;}&#8221;]<strong><i>Planta Sucroliq Amecameca<\/i><\/strong>[\/vc_column_text][vc_raw_html]JTNDYSUyMHRhcmdldCUzRCUyMl9ibGFuayUyMiUyMGNsYXNzJTNEJTIybGFib3JhdG9yLWJ0biUyMGJ0biUyMGJ0bi1pbmRleC0xJTIwYnRuLXR5cGUtc3RhbmRhcmQlMjBidG4tbm9ybWFsJTIyJTIwaHJlZiUzRCUyMmh0dHBzJTNBJTJGJTJGZ29vLmdsJTJGbWFwcyUyRkVWSE5EREVvQjlFQVNTU01BJTIyJTNFVmVyJTIwZW4lMjBtYXBhJTNDJTJGYSUzRQ==[\/vc_raw_html][vc_empty_space height=&#8221;35px&#8221;][\/vc_column][\/vc_row][vc_row css=&#8221;.vc_custom_1658963488132{margin-bottom: 60px !important;}&#8221;][vc_column css_animation=&#8221;fadeInUp&#8221; width=&#8221;2\/3&#8243; offset=&#8221;vc_col-md-offset-2&#8243; css=&#8221;.vc_custom_1663780811494{margin-top: 80px !important;}&#8221;][vc_column_text]<\/p>\n<h2>Formamos parte de <span style=\"color: #0051a6;\">asociaciones nacionales<\/span> e <span style=\"color: #0051a6;\">internacionales<\/span> dedicadas a promover la <span style=\"color: #0051a6;\">investigaci\u00f3n<\/span>\u00a0y el <span style=\"color: #0051a6;\">desarrollo tecnol\u00f3gico<\/span>.<\/h2>\n<p>[\/vc_column_text][vc_column_text css=&#8221;.vc_custom_1660019690176{margin-top: 90px !important;}&#8221;]<\/p>\n<h3>Certificaciones<\/h3>\n<p>[\/vc_column_text][vc_separator color=&#8221;black&#8221;][vc_row_inner equal_height=&#8221;yes&#8221; content_placement=&#8221;middle&#8221; css=&#8221;.vc_custom_1661990983600{margin-top: 10px !important;}&#8221;][vc_column_inner width=&#8221;3\/4&#8243; offset=&#8221;vc_col-xs-6&#8243;][vc_column_text]<strong>FSSC 22000<\/strong><\/p>\n<p><small class=\"hidden-xs\"><i>La Norma FSSC 22000 &#8211; Food Safety System Certification &#8211; fue desarrollada por la Organizaci\u00f3n Internacional para la Certificaci\u00f3n de la Seguridad Alimentaria. Su objetivo es cumplir con los requisitos de certificaci\u00f3n de la iniciativa mundial en seguridad alimentaria.<\/i><\/small>[\/vc_column_text][\/vc_column_inner][vc_column_inner width=&#8221;1\/4&#8243; offset=&#8221;vc_col-xs-6&#8243;][vc_single_image image=&#8221;917&#8243; img_size=&#8221;full&#8221;][\/vc_column_inner][\/vc_row_inner][vc_row_inner equal_height=&#8221;yes&#8221; content_placement=&#8221;middle&#8221; css=&#8221;.vc_custom_1661990987967{margin-top: 10px !important;}&#8221;][vc_column_inner width=&#8221;3\/4&#8243; offset=&#8221;vc_col-xs-6&#8243;][vc_column_text]<strong>Kosher Pareve<\/strong><br \/>\n<small class=\"hidden-xs\"><i>La certificaci\u00f3n kosher\u00a0garantiza a los consumidores que la elaboraci\u00f3n de los productos e ingredientes que contienen cumple con la pol\u00edtica de alimentos kosher, adem\u00e1s, es indicador de que el producto cumple con estrictas normas de limpieza, pureza y calidad.<\/i><\/small>[\/vc_column_text][\/vc_column_inner][vc_column_inner width=&#8221;1\/4&#8243; offset=&#8221;vc_col-xs-6&#8243;][vc_single_image image=&#8221;1171&#8243; img_size=&#8221;full&#8221;][\/vc_column_inner][\/vc_row_inner][vc_column_text css=&#8221;.vc_custom_1660019566262{margin-top: 60px !important;}&#8221;]<\/p>\n<h3>Premios y asociaciones<\/h3>\n<p>[\/vc_column_text][vc_separator color=&#8221;black&#8221;][vc_empty_space height=&#8221;22px&#8221;][vc_row_inner equal_height=&#8221;yes&#8221; content_placement=&#8221;middle&#8221;][vc_column_inner width=&#8221;1\/3&#8243; offset=&#8221;vc_col-xs-6&#8243;][vc_single_image image=&#8221;923&#8243; img_size=&#8221;full&#8221;][\/vc_column_inner][vc_column_inner width=&#8221;1\/3&#8243; offset=&#8221;vc_col-xs-6&#8243;][vc_single_image image=&#8221;913&#8243; img_size=&#8221;full&#8221;][\/vc_column_inner][vc_column_inner width=&#8221;1\/3&#8243; offset=&#8221;vc_col-xs-6&#8243;][vc_single_image image=&#8221;921&#8243; img_size=&#8221;full&#8221;][\/vc_column_inner][vc_column_inner width=&#8221;1\/3&#8243; offset=&#8221;vc_col-xs-6&#8243;][vc_single_image image=&#8221;924&#8243; img_size=&#8221;full&#8221;][\/vc_column_inner][vc_column_inner width=&#8221;1\/3&#8243; offset=&#8221;vc_col-xs-6&#8243;][vc_single_image image=&#8221;922&#8243; img_size=&#8221;full&#8221;][\/vc_column_inner][\/vc_row_inner][\/vc_column][\/vc_row]<\/p>\n","protected":false},"excerpt":{"rendered":"<p>[vc_row full_width=&#8221;stretch_row_content_no_spaces&#8221;][vc_column][\/vc_column][\/vc_row][vc_row css=&#8221;.vc_custom_1659567525907{margin-top: 60px !important;}&#8221;][vc_column width=&#8221;1\/6&#8243;][\/vc_column][vc_column width=&#8221;2\/3&#8243;][vc_column_text] Nunca hubo un l\u00edquido m\u00e1s s\u00f3lido. Nos gusta innovar y en conjunto lo hacemos muy bien. Nuestros procesos patentados permiten el uso eficiente de energ\u00eda en cada una de nuestras plantas. Nuestro objetivo es llevar a nuestros clientes y a sus clientes finales, la mejor calidad, garantizando una&hellip;<\/p>\n","protected":false},"author":1,"featured_media":0,"parent":0,"menu_order":0,"comment_status":"closed","ping_status":"closed","template":"","meta":[],"acf":[],"aioseo_notices":[],"_links":{"self":[{"href":"https:\/\/www.sucroliq.com\/site\/wp-json\/wp\/v2\/pages\/218"}],"collection":[{"href":"https:\/\/www.sucroliq.com\/site\/wp-json\/wp\/v2\/pages"}],"about":[{"href":"https:\/\/www.sucroliq.com\/site\/wp-json\/wp\/v2\/types\/page"}],"author":[{"embeddable":true,"href":"https:\/\/www.sucroliq.com\/site\/wp-json\/wp\/v2\/users\/1"}],"replies":[{"embeddable":true,"href":"https:\/\/www.sucroliq.com\/site\/wp-json\/wp\/v2\/comments?post=218"}],"version-history":[{"count":95,"href":"https:\/\/www.sucroliq.com\/site\/wp-json\/wp\/v2\/pages\/218\/revisions"}],"predecessor-version":[{"id":1700,"href":"https:\/\/www.sucroliq.com\/site\/wp-json\/wp\/v2\/pages\/218\/revisions\/1700"}],"wp:attachment":[{"href":"https:\/\/www.sucroliq.com\/site\/wp-json\/wp\/v2\/media?parent=218"}],"curies":[{"name":"wp","href":"https:\/\/api.w.org\/{rel}","templated":true}]}}