{"id":232,"date":"2022-05-23T20:59:15","date_gmt":"2022-05-24T01:59:15","guid":{"rendered":"http:\/\/www.sucroliq.com\/site\/?page_id=232"},"modified":"2022-09-21T12:25:32","modified_gmt":"2022-09-21T17:25:32","slug":"impacto","status":"publish","type":"page","link":"https:\/\/www.sucroliq.com\/site\/impacto\/","title":{"rendered":"Impacto"},"content":{"rendered":"<p>[vc_row content_placement=&#8221;middle&#8221; parallax=&#8221;content-moving&#8221; parallax_image=&#8221;1339&#8243; css=&#8221;.vc_custom_1661455482188{padding-top: 85px !important;padding-bottom: 105px !important;background-position: center;background-repeat: no-repeat !important;background-size: cover !important;}&#8221; el_class=&#8221;border-radius hero-banner&#8221;][vc_column][vc_row_inner content_placement=&#8221;middle&#8221; css=&#8221;.vc_custom_1659563688495{padding-right: 10% !important;padding-left: 10% !important;}&#8221;][vc_column_inner width=&#8221;2\/3&#8243;][vc_column_text el_class=&#8221;text-white&#8221;]<\/p>\n<h1>Contribuyendo a endulzar el mundo<\/h1>\n<p>En Sucroliq estamos comprometidos a utilizar la energ\u00eda de manera eficiente, rentable y responsable con el medio ambiente.[\/vc_column_text][\/vc_column_inner][\/vc_row_inner][\/vc_column][\/vc_row][vc_row][vc_column offset=&#8221;vc_hidden-sm vc_hidden-xs&#8221;][vc_empty_space height=&#8221;40px&#8221;][\/vc_column][\/vc_row][vc_row css=&#8221;.vc_custom_1663781093134{margin-top: 40px !important;}&#8221;][vc_column width=&#8221;1\/6&#8243;][\/vc_column][vc_column width=&#8221;2\/3&#8243;][vc_column_text css_animation=&#8221;fadeInUp&#8221; css=&#8221;.vc_custom_1660020551453{margin-top: 20px !important;}&#8221;]<\/p>\n<p style=\"text-align: center;\"><span class=\"h3\" style=\"text-align: center; font-weight: normal;\">El <span style=\"color: #0051a6;\">Comit\u00e9 de Agua, Energ\u00eda y Medio Ambiente\u00a0<\/span>es un equipo multidisciplinario que tiene la misi\u00f3n de <span style=\"color: #0051a6;\">desarrollar<\/span> e <span style=\"color: #0051a6;\">implementar<\/span> proyectos para la <span style=\"color: #0051a6;\">cuantificaci\u00f3n<\/span> y <span style=\"color: #0051a6;\">reducci\u00f3n<\/span> de la <span style=\"color: #0051a6;\">huella de carbono<\/span> a trav\u00e9s de la <span style=\"color: #0051a6;\">mejora continua<\/span> de nuestros procesos. <\/span><\/p>\n<p>[\/vc_column_text][\/vc_column][vc_column width=&#8221;1\/6&#8243;][\/vc_column][\/vc_row][vc_row css=&#8221;.vc_custom_1660020461276{margin-top: 60px !important;margin-bottom: 30px !important;}&#8221;][vc_column width=&#8221;1\/6&#8243;][\/vc_column][vc_column width=&#8221;2\/3&#8243;][vc_column_text css_animation=&#8221;fadeInUp&#8221;]<\/p>\n<h2 class=\"h3\" style=\"text-align: center;\">TENEMOS DOS OBJETIVOS CLAROS.<\/h2>\n<p>[\/vc_column_text][\/vc_column][vc_column width=&#8221;1\/6&#8243;][\/vc_column][\/vc_row][vc_row equal_height=&#8221;yes&#8221; el_class=&#8221;border-radius pill&#8221;][vc_column width=&#8221;1\/2&#8243; css=&#8221;.vc_custom_1659626051699{background-color: #ffffff !important;}&#8221;][vc_icon type=&#8221;fontawesome&#8221; icon_fontawesome=&#8221;fas fa-solar-panel&#8221; size=&#8221;lg&#8221; css=&#8221;.vc_custom_1660056726060{padding-top: 5% !important;padding-left: 5% !important;}&#8221;][vc_column_text css_animation=&#8221;none&#8221; css=&#8221;.vc_custom_1660056659012{padding-right: 5% !important;padding-bottom: 5% !important;padding-left: 5% !important;}&#8221;]<\/p>\n<h3>Ser reconocidos como l\u00edderes internacionales en tecnolog\u00edas limpias en refinaci\u00f3n de az\u00facar para 2027.<\/h3>\n<p>[\/vc_column_text][\/vc_column][vc_column width=&#8221;1\/2&#8243; css=&#8221;.vc_custom_1660019965075{background-color: #0051a6 !important;}&#8221;][vc_icon type=&#8221;fontawesome&#8221; icon_fontawesome=&#8221;fas fa-leaf&#8221; color=&#8221;white&#8221; size=&#8221;lg&#8221; css=&#8221;.vc_custom_1660058037370{padding-top: 5% !important;padding-left: 5% !important;}&#8221;][vc_column_text css_animation=&#8221;none&#8221; css=&#8221;.vc_custom_1660056745637{padding-right: 5% !important;padding-bottom: 5% !important;padding-left: 5% !important;}&#8221; el_class=&#8221;text-white&#8221;]<\/p>\n<h3>Reducir la huella de carbono derivada de nuestros procesos en un 50% para el 2030.<\/h3>\n<p>[\/vc_column_text][\/vc_column][\/vc_row][vc_row css=&#8221;.vc_custom_1658973408150{margin-top: 80px !important;}&#8221;][vc_column][vc_column_text css_animation=&#8221;fadeInUp&#8221; css=&#8221;.vc_custom_1659625706093{margin-top: 40px !important;}&#8221;]<\/p>\n<div class=\"page\" title=\"Page 6\">\n<div class=\"section\">\n<div class=\"layoutArea\">\n<div class=\"column\">\n<h2 style=\"text-align: center;\">\u00bfQU\u00c9 PASOS ESTAMOS TOMANDO?<\/h2>\n<\/div>\n<\/div>\n<\/div>\n<\/div>\n<p>[\/vc_column_text][vc_row_inner css=&#8221;.vc_custom_1658975884902{margin-top: 60px !important;margin-bottom: 60px !important;}&#8221;][vc_column_inner width=&#8221;1\/6&#8243;][\/vc_column_inner][vc_column_inner width=&#8221;2\/3&#8243;][vc_column_text css_animation=&#8221;fadeInUp&#8221; el_class=&#8221;actividades&#8221;]<\/p>\n<ol>\n<li>Nuestras plantas cuentan con un sistema de recuperaci\u00f3n de \u201cagua dulce\u201d para reducir el consumo de agua y az\u00facar.<\/li>\n<li>Instalamos tecnolog\u00eda innovadora para recuperar y tratar el 90% de nuestro consumo de agua del proceso de refinaci\u00f3n.<\/li>\n<li>Elaboramos el inventario de emisiones de GEI (gases de efecto invernadero) tomando en consideraci\u00f3n los est\u00e1ndares internacionales y las disposiciones regulatorias nacionales aplicables en la materia (Ley General de Cambio Clim\u00e1tico y Registro Nacional de Emisiones).<\/li>\n<li>Gestionamos proyectos para la mitigaci\u00f3n de emisiones de Gases de Efecto Invernadero (GEI) en nuestras plantas.<\/li>\n<li>Nos alineamos con los objetivos de desarrollo sostenible de la ONU.<\/li>\n<\/ol>\n<p>[\/vc_column_text][\/vc_column_inner][vc_column_inner width=&#8221;1\/6&#8243;][\/vc_column_inner][\/vc_row_inner][vc_row_inner css=&#8221;.vc_custom_1658975884902{margin-top: 60px !important;margin-bottom: 60px !important;}&#8221;][vc_column_inner width=&#8221;1\/6&#8243; offset=&#8221;vc_col-xs-4&#8243;][vc_single_image image=&#8221;990&#8243; img_size=&#8221;full&#8221;][\/vc_column_inner][vc_column_inner width=&#8221;1\/6&#8243; offset=&#8221;vc_col-xs-4&#8243;][vc_single_image image=&#8221;671&#8243; img_size=&#8221;full&#8221;][\/vc_column_inner][vc_column_inner width=&#8221;1\/6&#8243; offset=&#8221;vc_col-xs-4&#8243;][vc_single_image image=&#8221;672&#8243; img_size=&#8221;full&#8221;][\/vc_column_inner][vc_column_inner width=&#8221;1\/6&#8243; offset=&#8221;vc_col-xs-4&#8243;][vc_single_image image=&#8221;673&#8243; img_size=&#8221;full&#8221;][\/vc_column_inner][vc_column_inner width=&#8221;1\/6&#8243; offset=&#8221;vc_col-xs-4&#8243;][vc_single_image image=&#8221;674&#8243; img_size=&#8221;full&#8221;][\/vc_column_inner][vc_column_inner width=&#8221;1\/6&#8243; offset=&#8221;vc_col-xs-4&#8243;][vc_single_image image=&#8221;675&#8243; img_size=&#8221;full&#8221;][\/vc_column_inner][\/vc_row_inner][\/vc_column][\/vc_row]<\/p>\n","protected":false},"excerpt":{"rendered":"<p>[vc_row content_placement=&#8221;middle&#8221; parallax=&#8221;content-moving&#8221; parallax_image=&#8221;1339&#8243; css=&#8221;.vc_custom_1661455482188{padding-top: 85px !important;padding-bottom: 105px !important;background-position: center;background-repeat: no-repeat !important;background-size: cover !important;}&#8221; el_class=&#8221;border-radius hero-banner&#8221;][vc_column][vc_row_inner content_placement=&#8221;middle&#8221; css=&#8221;.vc_custom_1659563688495{padding-right: 10% !important;padding-left: 10% !important;}&#8221;][vc_column_inner width=&#8221;2\/3&#8243;][vc_column_text el_class=&#8221;text-white&#8221;] Contribuyendo a endulzar el mundo En Sucroliq estamos comprometidos a utilizar la energ\u00eda de manera eficiente, rentable y responsable con el medio ambiente.[\/vc_column_text][\/vc_column_inner][\/vc_row_inner][\/vc_column][\/vc_row][vc_row][vc_column offset=&#8221;vc_hidden-sm vc_hidden-xs&#8221;][vc_empty_space height=&#8221;40px&#8221;][\/vc_column][\/vc_row][vc_row css=&#8221;.vc_custom_1663781093134{margin-top: 40px !important;}&#8221;][vc_column width=&#8221;1\/6&#8243;][\/vc_column][vc_column width=&#8221;2\/3&#8243;][vc_column_text&hellip;<\/p>\n","protected":false},"author":1,"featured_media":0,"parent":0,"menu_order":0,"comment_status":"closed","ping_status":"closed","template":"","meta":[],"acf":[],"aioseo_notices":[],"_links":{"self":[{"href":"https:\/\/www.sucroliq.com\/site\/wp-json\/wp\/v2\/pages\/232"}],"collection":[{"href":"https:\/\/www.sucroliq.com\/site\/wp-json\/wp\/v2\/pages"}],"about":[{"href":"https:\/\/www.sucroliq.com\/site\/wp-json\/wp\/v2\/types\/page"}],"author":[{"embeddable":true,"href":"https:\/\/www.sucroliq.com\/site\/wp-json\/wp\/v2\/users\/1"}],"replies":[{"embeddable":true,"href":"https:\/\/www.sucroliq.com\/site\/wp-json\/wp\/v2\/comments?post=232"}],"version-history":[{"count":121,"href":"https:\/\/www.sucroliq.com\/site\/wp-json\/wp\/v2\/pages\/232\/revisions"}],"predecessor-version":[{"id":1704,"href":"https:\/\/www.sucroliq.com\/site\/wp-json\/wp\/v2\/pages\/232\/revisions\/1704"}],"wp:attachment":[{"href":"https:\/\/www.sucroliq.com\/site\/wp-json\/wp\/v2\/media?parent=232"}],"curies":[{"name":"wp","href":"https:\/\/api.w.org\/{rel}","templated":true}]}}