{"id":3,"date":"2022-05-20T23:45:53","date_gmt":"2022-05-20T23:45:53","guid":{"rendered":"http:\/\/www.sucroliq.com\/site\/?page_id=3"},"modified":"2022-09-01T13:30:41","modified_gmt":"2022-09-01T18:30:41","slug":"aviso-de-privacidad","status":"publish","type":"page","link":"https:\/\/www.sucroliq.com\/site\/aviso-de-privacidad\/","title":{"rendered":"Aviso de Privacidad"},"content":{"rendered":"<!-- wp:t\u00edtulo -->\n<h2>Qui\u00e9nes somos<\/h2>\n<!-- \/wp:t\u00edtulo -->\n\n<!-- wp:p\u00e1rrafo -->\n\nLa direcci\u00f3n de nuestro sitio web es: http:\/\/www.sucroliq.com\/site.\n\n<!-- \/wp:p\u00e1rrafo -->\n\n<!-- wp:t\u00edtulo -->\n<h2>Comentarios<\/h2>\n<!-- \/wp:t\u00edtulo -->\n\n<!-- wp:p\u00e1rrafo -->\n\nCuando los visitantes dejan comentarios en el sitio, recopilamos los datos que se muestran en el formulario de comentarios, y tambi\u00e9n la direcci\u00f3n IP del visitante y la cadena del agente de usuario del navegador para ayudar a la detecci\u00f3n de spam.\n\n<!-- \/wp:p\u00e1rrafo -->\n\n<!-- wp:p\u00e1rrafo -->\n\nSe puede proporcionar una cadena an\u00f3nima creada a partir de su direcci\u00f3n de correo electr\u00f3nico (tambi\u00e9n llamada hash) al servicio Gravatar para ver si la est\u00e1 utilizando. La pol\u00edtica de privacidad del servicio Gravatar est\u00e1 disponible aqu\u00ed: https:\/\/automattic.com\/privacy\/. Despu\u00e9s de la aprobaci\u00f3n de su comentario, su imagen de perfil es visible para el p\u00fablico en el contexto de su comentario.\n\n<!-- \/wp:p\u00e1rrafo -->\n\n<!-- wp:t\u00edtulo -->\n<h2>Medios<\/h2>\n<!-- \/wp:t\u00edtulo -->\n\n<!-- wp:p\u00e1rrafo -->\n\nSi subes im\u00e1genes al sitio web, debes evitar subir im\u00e1genes con datos de ubicaci\u00f3n incrustados (GPS EXIF) incluidos. Los visitantes del sitio web pueden descargar y extraer cualquier dato de ubicaci\u00f3n de las im\u00e1genes del sitio web.\n\n<!-- \/wp:p\u00e1rrafo -->\n\n<!-- wp:t\u00edtulo -->\n<h2>Galletas<\/h2>\n<!-- \/wp:t\u00edtulo -->\n\n<!-- wp:p\u00e1rrafo -->\n\nSi deja un comentario en nuestro sitio, puede optar por guardar su nombre, direcci\u00f3n de correo electr\u00f3nico y sitio web en cookies. Estos son para su comodidad, para que no tenga que volver a rellenar sus datos cuando deje otro comentario. Estas cookies durar\u00e1n un a\u00f1o.\n\n<!-- \/wp:p\u00e1rrafo -->\n\n<!-- wp:p\u00e1rrafo -->\n\nSi visita nuestra p\u00e1gina de inicio de sesi\u00f3n, estableceremos una cookie temporal para determinar si su navegador acepta cookies. Esta cookie no contiene datos personales y se descarta cuando cierra su navegador.\n\n<!-- \/wp:p\u00e1rrafo -->\n\n<!-- wp:p\u00e1rrafo -->\n\nCuando inicie sesi\u00f3n, tambi\u00e9n configuraremos varias cookies para guardar su informaci\u00f3n de inicio de sesi\u00f3n y sus opciones de visualizaci\u00f3n de pantalla. Las cookies de inicio de sesi\u00f3n duran dos d\u00edas y las cookies de opciones de pantalla duran un a\u00f1o. Si selecciona &#8220;Recordarme&#8221;, su inicio de sesi\u00f3n persistir\u00e1 durante dos semanas. Si cierra sesi\u00f3n en su cuenta, se eliminar\u00e1n las cookies de inicio de sesi\u00f3n.\n\n<!-- \/wp:p\u00e1rrafo -->\n\n<!-- wp:p\u00e1rrafo -->\n\nSi edita o publica un art\u00edculo, se guardar\u00e1 una cookie adicional en su navegador. Esta cookie no incluye datos personales y simplemente indica el ID de publicaci\u00f3n del art\u00edculo que acaba de editar. Caduca despu\u00e9s de 1 d\u00eda.\n\n<!-- \/wp:p\u00e1rrafo -->\n\n<!-- wp:t\u00edtulo -->\n<h2>Contenido incrustado de otros sitios web<\/h2>\n<!-- \/wp:t\u00edtulo -->\n\n<!-- wp:p\u00e1rrafo -->\n\nLos art\u00edculos de este sitio pueden incluir contenido incrustado (por ejemplo, videos, im\u00e1genes, art\u00edculos, etc.). El contenido incrustado de otros sitios web se comporta exactamente de la misma manera que si el visitante hubiera visitado el otro sitio web.\n\n<!-- \/wp:p\u00e1rrafo -->\n\n<!-- wp:p\u00e1rrafo -->\n\nEstos sitios web pueden recopilar datos sobre usted, usar cookies, incorporar un seguimiento adicional de terceros y controlar su interacci\u00f3n con ese contenido incrustado, incluido el seguimiento de su interacci\u00f3n con el contenido incrustado si tiene una cuenta y ha iniciado sesi\u00f3n en ese sitio web. .\n\n<!-- \/wp:p\u00e1rrafo -->\n\n<!-- wp:t\u00edtulo -->\n<h2>Con qui\u00e9n compartimos sus datos<\/h2>\n<!-- \/wp:t\u00edtulo -->\n\n<!-- wp:p\u00e1rrafo -->\n\nSi solicita un restablecimiento de contrase\u00f1a, su direcci\u00f3n IP se incluir\u00e1 en el correo electr\u00f3nico de restablecimiento.\n\n<!-- \/wp:p\u00e1rrafo -->\n\n<!-- wp:t\u00edtulo -->\n<h2>Cu\u00e1nto tiempo conservamos sus datos<\/h2>\n<!-- \/wp:t\u00edtulo -->\n\n<!-- wp:p\u00e1rrafo -->\n\nSi deja un comentario, el comentario y sus metadatos se conservan indefinidamente. Esto es para que podamos reconocer y aprobar cualquier comentario de seguimiento autom\u00e1ticamente en lugar de mantenerlos en una cola de moderaci\u00f3n.\n\n<!-- \/wp:p\u00e1rrafo -->\n\n<!-- wp:p\u00e1rrafo -->\n\nPara los usuarios que se registran en nuestro sitio web (si los hay), tambi\u00e9n almacenamos la informaci\u00f3n personal que proporcionan en su perfil de usuario. Todos los usuarios pueden ver, editar o eliminar su informaci\u00f3n personal en cualquier momento (excepto que no pueden cambiar su nombre de usuario). Los administradores del sitio web tambi\u00e9n pueden ver y editar esa informaci\u00f3n.\n\n<!-- \/wp:p\u00e1rrafo -->\n\n<!-- wp:t\u00edtulo -->\n<h2>Qu\u00e9 derechos tienes sobre tus datos<\/h2>\n<!-- \/wp:t\u00edtulo -->\n\n<!-- wp:p\u00e1rrafo -->\n\nSi tiene una cuenta en este sitio o ha dejado comentarios, puede solicitar recibir un archivo exportado de los datos personales que tenemos sobre usted, incluidos los datos que nos haya proporcionado. Tambi\u00e9n puede solicitar que eliminemos cualquier dato personal que tengamos sobre usted. Esto no incluye ning\u00fan dato que estemos obligados a conservar con fines administrativos, legales o de seguridad.\n\n<!-- \/wp:p\u00e1rrafo -->\n\n<!-- wp:t\u00edtulo -->\n<h2>D\u00f3nde enviamos tus datos<\/h2>\n<!-- \/wp:t\u00edtulo -->\n\n<!-- wp:p\u00e1rrafo -->\n\nLos comentarios de los visitantes pueden revisarse a trav\u00e9s de un servicio autom\u00e1tico de detecci\u00f3n de spam.\n\n<!-- \/wp:p\u00e1rrafo -->","protected":false},"excerpt":{"rendered":"<p>Qui\u00e9nes somos La direcci\u00f3n de nuestro sitio web es: http:\/\/www.sucroliq.com\/site. Comentarios Cuando los visitantes dejan comentarios en el sitio, recopilamos los datos que se muestran en el formulario de comentarios, y tambi\u00e9n la direcci\u00f3n IP del visitante y la cadena del agente de usuario del navegador para ayudar a la detecci\u00f3n de spam. Se puede&hellip;<\/p>\n","protected":false},"author":1,"featured_media":0,"parent":0,"menu_order":0,"comment_status":"closed","ping_status":"open","template":"","meta":[],"acf":[],"aioseo_notices":[],"_links":{"self":[{"href":"https:\/\/www.sucroliq.com\/site\/wp-json\/wp\/v2\/pages\/3"}],"collection":[{"href":"https:\/\/www.sucroliq.com\/site\/wp-json\/wp\/v2\/pages"}],"about":[{"href":"https:\/\/www.sucroliq.com\/site\/wp-json\/wp\/v2\/types\/page"}],"author":[{"embeddable":true,"href":"https:\/\/www.sucroliq.com\/site\/wp-json\/wp\/v2\/users\/1"}],"replies":[{"embeddable":true,"href":"https:\/\/www.sucroliq.com\/site\/wp-json\/wp\/v2\/comments?post=3"}],"version-history":[{"count":2,"href":"https:\/\/www.sucroliq.com\/site\/wp-json\/wp\/v2\/pages\/3\/revisions"}],"predecessor-version":[{"id":1609,"href":"https:\/\/www.sucroliq.com\/site\/wp-json\/wp\/v2\/pages\/3\/revisions\/1609"}],"wp:attachment":[{"href":"https:\/\/www.sucroliq.com\/site\/wp-json\/wp\/v2\/media?parent=3"}],"curies":[{"name":"wp","href":"https:\/\/api.w.org\/{rel}","templated":true}]}}